{"id":26736,"date":"2023-11-04T00:00:39","date_gmt":"2023-11-03T23:00:39","guid":{"rendered":"http:\/\/innocentiemangonipiante.it\/carex-oshimensis-evergreen\/"},"modified":"2023-11-06T14:13:40","modified_gmt":"2023-11-06T13:13:40","slug":"carex-oshimensis-evergreen","status":"publish","type":"product","link":"https:\/\/innocentiemangonipiante.it\/fr\/carex-oshimensis-evergreen\/","title":{"rendered":"CAREX oshimensis &lsquo;Evergreen&rsquo;"},"content":{"rendered":"<p>Il produit des abondantes \u00e9pis rouges qui cr\u00e9ent un beau contraste avec le dense feuillage vert fonc\u00e9.<\/p>\n","protected":false},"excerpt":{"rendered":"<p>Il produit des abondantes \u00e9pis rouges qui cr\u00e9ent un beau contraste avec le dense feuillage vert fonc\u00e9.<\/p>\n","protected":false},"featured_media":21127,"template":"","meta":{"_acf_changed":false},"product_brand":[],"product_cat":[8317],"product_tag":[10897],"class_list":{"0":"post-26736","1":"product","2":"type-product","3":"status-publish","4":"has-post-thumbnail","6":"product_cat-sans-categorie","7":"product_tag-naturelle","8":"pa_altezza-massima-0_50-metres","9":"pa_altezza-massima-0_75-metres","10":"pa_colore-fioritura-rouge","11":"pa_condizionamento-clt-fr","12":"pa_famiglia-cyperaceae-fr","13":"pa_genere-carex-fr","14":"pa_origine-asie-occidentale","15":"pa_origine-europe-fr","16":"pa_periodo-fioritura-avril","17":"pa_periodo-fioritura-mai","18":"pa_portamento-arcuato-fr","19":"pa_resistenza-climatica-tres-elevee","20":"pa_resistenza-del-suolo-resistant-au-sol-humide","21":"pa_utilizzo-balcons","22":"pa_utilizzo-bordures","23":"pa_utilizzo-petits-jardins","25":"first","26":"instock","27":"purchasable","28":"product-type-simple"},"acf":[],"_links":{"self":[{"href":"https:\/\/innocentiemangonipiante.it\/fr\/wp-json\/wp\/v2\/product\/26736","targetHints":{"allow":["GET"]}}],"collection":[{"href":"https:\/\/innocentiemangonipiante.it\/fr\/wp-json\/wp\/v2\/product"}],"about":[{"href":"https:\/\/innocentiemangonipiante.it\/fr\/wp-json\/wp\/v2\/types\/product"}],"wp:featuredmedia":[{"embeddable":true,"href":"https:\/\/innocentiemangonipiante.it\/fr\/wp-json\/wp\/v2\/media\/21127"}],"wp:attachment":[{"href":"https:\/\/innocentiemangonipiante.it\/fr\/wp-json\/wp\/v2\/media?parent=26736"}],"wp:term":[{"taxonomy":"product_brand","embeddable":true,"href":"https:\/\/innocentiemangonipiante.it\/fr\/wp-json\/wp\/v2\/product_brand?post=26736"},{"taxonomy":"product_cat","embeddable":true,"href":"https:\/\/innocentiemangonipiante.it\/fr\/wp-json\/wp\/v2\/product_cat?post=26736"},{"taxonomy":"product_tag","embeddable":true,"href":"https:\/\/innocentiemangonipiante.it\/fr\/wp-json\/wp\/v2\/product_tag?post=26736"}],"curies":[{"name":"wp","href":"https:\/\/api.w.org\/{rel}","templated":true}]}}