{"id":26743,"date":"2023-11-04T00:02:11","date_gmt":"2023-11-03T23:02:11","guid":{"rendered":"http:\/\/innocentiemangonipiante.it\/carpinus-japonica\/"},"modified":"2023-11-06T14:14:25","modified_gmt":"2023-11-06T13:14:25","slug":"carpinus-japonica","status":"publish","type":"product","link":"https:\/\/innocentiemangonipiante.it\/fr\/carpinus-japonica\/","title":{"rendered":"CARPINUS japonica"},"content":{"rendered":"<p>Arbre de taille moyenne au feuillage vert. Croissance lente. Supporte les terrains pauvres et\/ou calcaires. Vari\u00e9t\u00e9 int\u00e9ressante pour sa floraison abondante de juin \u00e0 ao\u00fbt.<\/p>\n","protected":false},"excerpt":{"rendered":"<p>Arbre de taille moyenne au feuillage vert. Croissance lente. Supporte les terrains pauvres et\/ou calcaires. Vari\u00e9t\u00e9 int\u00e9ressante pour sa floraison abondante de juin \u00e0 ao\u00fbt.<\/p>\n","protected":false},"featured_media":21164,"template":"","meta":{"_acf_changed":false},"product_brand":[],"product_cat":[8812],"product_tag":[10897],"class_list":{"0":"post-26743","1":"product","2":"type-product","3":"status-publish","4":"has-post-thumbnail","6":"product_cat-arbres-et-arbustes-a-feuilles-caduques","7":"product_tag-naturelle","8":"pa_altezza-massima-1000-fr-2","9":"pa_altezza-massima-15-metres","10":"pa_colore-fioritura-jaune","11":"pa_famiglia-carpinaceae-fr","12":"pa_genere-carpinus-fr","13":"pa_origine-japon","14":"pa_periodo-fioritura-aout","15":"pa_periodo-fioritura-juillet","16":"pa_periodo-fioritura-juin","17":"pa_portamento-eretto-fr","18":"pa_resistenza-climatica-tres-elevee","19":"pa_resistenza-del-suolo-resistant-aux-sols-calcaires","20":"pa_resistenza-del-suolo-resistant-aux-sols-pauvres","21":"pa_utilizzo-parcs","23":"first","24":"instock","25":"purchasable","26":"product-type-simple"},"acf":[],"_links":{"self":[{"href":"https:\/\/innocentiemangonipiante.it\/fr\/wp-json\/wp\/v2\/product\/26743","targetHints":{"allow":["GET"]}}],"collection":[{"href":"https:\/\/innocentiemangonipiante.it\/fr\/wp-json\/wp\/v2\/product"}],"about":[{"href":"https:\/\/innocentiemangonipiante.it\/fr\/wp-json\/wp\/v2\/types\/product"}],"wp:featuredmedia":[{"embeddable":true,"href":"https:\/\/innocentiemangonipiante.it\/fr\/wp-json\/wp\/v2\/media\/21164"}],"wp:attachment":[{"href":"https:\/\/innocentiemangonipiante.it\/fr\/wp-json\/wp\/v2\/media?parent=26743"}],"wp:term":[{"taxonomy":"product_brand","embeddable":true,"href":"https:\/\/innocentiemangonipiante.it\/fr\/wp-json\/wp\/v2\/product_brand?post=26743"},{"taxonomy":"product_cat","embeddable":true,"href":"https:\/\/innocentiemangonipiante.it\/fr\/wp-json\/wp\/v2\/product_cat?post=26743"},{"taxonomy":"product_tag","embeddable":true,"href":"https:\/\/innocentiemangonipiante.it\/fr\/wp-json\/wp\/v2\/product_tag?post=26743"}],"curies":[{"name":"wp","href":"https:\/\/api.w.org\/{rel}","templated":true}]}}