{"id":26754,"date":"2023-11-04T00:05:50","date_gmt":"2023-11-03T23:05:50","guid":{"rendered":"http:\/\/innocentiemangonipiante.it\/cedrus-deodara-feelin-blue-2\/"},"modified":"2023-11-06T14:16:46","modified_gmt":"2023-11-06T13:16:46","slug":"cedrus-deodara-feelin-blue-2","status":"publish","type":"product","link":"https:\/\/innocentiemangonipiante.it\/fr\/cedrus-deodara-feelin-blue-2\/","title":{"rendered":"CEDRUS deodara &lsquo;Feelin Blue&rsquo;"},"content":{"rendered":"<p>Conif\u00e8re au port \u00e9largi et \u00e0 la croissance lente. Branches de horizontales \u00e0 semi-pendantes. Les nouvelles v\u00e9g\u00e9tations, souples et tendres, sont retombantes. Les aiguilles, de 1,5 \u00e0 2 cm de longueur sont de couleur bleu argent\u00e9 avec des reflets gris\u00e2tres.<\/p>\n","protected":false},"excerpt":{"rendered":"<p>Conif\u00e8re au port \u00e9largi et \u00e0 la croissance lente. Branches de horizontales \u00e0 semi-pendantes. Les nouvelles v\u00e9g\u00e9tations, souples et tendres, sont retombantes. Les aiguilles, de 1,5 \u00e0 2 cm de longueur sont de couleur bleu argent\u00e9 avec des reflets gris\u00e2tres.<\/p>\n","protected":false},"featured_media":21235,"template":"","meta":{"_acf_changed":false},"product_brand":[],"product_cat":[8824],"product_tag":[10897],"class_list":{"0":"post-26754","1":"product","2":"type-product","3":"status-publish","4":"has-post-thumbnail","6":"product_cat-coniferes","7":"product_tag-naturelle","8":"pa_altezza-massima-200-fr","9":"pa_altezza-massima-300-fr-2","10":"pa_colore-delle-foglie-bleu","11":"pa_famiglia-pinaceae-fr","12":"pa_genere-cedrus-fr","13":"pa_origine-hollande","14":"pa_portamento-pleureur","15":"pa_resistenza-climatica-tres-elevee","16":"pa_resistenza-del-suolo-resistant-au-sol-humide","17":"pa_resistenza-del-suolo-resistant-aux-sols-secs","18":"pa_utilizzo-petits-jardins","20":"first","21":"instock","22":"purchasable","23":"product-type-simple"},"acf":[],"_links":{"self":[{"href":"https:\/\/innocentiemangonipiante.it\/fr\/wp-json\/wp\/v2\/product\/26754","targetHints":{"allow":["GET"]}}],"collection":[{"href":"https:\/\/innocentiemangonipiante.it\/fr\/wp-json\/wp\/v2\/product"}],"about":[{"href":"https:\/\/innocentiemangonipiante.it\/fr\/wp-json\/wp\/v2\/types\/product"}],"wp:featuredmedia":[{"embeddable":true,"href":"https:\/\/innocentiemangonipiante.it\/fr\/wp-json\/wp\/v2\/media\/21235"}],"wp:attachment":[{"href":"https:\/\/innocentiemangonipiante.it\/fr\/wp-json\/wp\/v2\/media?parent=26754"}],"wp:term":[{"taxonomy":"product_brand","embeddable":true,"href":"https:\/\/innocentiemangonipiante.it\/fr\/wp-json\/wp\/v2\/product_brand?post=26754"},{"taxonomy":"product_cat","embeddable":true,"href":"https:\/\/innocentiemangonipiante.it\/fr\/wp-json\/wp\/v2\/product_cat?post=26754"},{"taxonomy":"product_tag","embeddable":true,"href":"https:\/\/innocentiemangonipiante.it\/fr\/wp-json\/wp\/v2\/product_tag?post=26754"}],"curies":[{"name":"wp","href":"https:\/\/api.w.org\/{rel}","templated":true}]}}