{"id":26759,"date":"2023-11-04T00:07:11","date_gmt":"2023-11-03T23:07:11","guid":{"rendered":"http:\/\/innocentiemangonipiante.it\/cerastium-tomentosum\/"},"modified":"2023-11-06T14:17:24","modified_gmt":"2023-11-06T13:17:24","slug":"cerastium-tomentosum","status":"publish","type":"product","link":"https:\/\/innocentiemangonipiante.it\/fr\/cerastium-tomentosum\/","title":{"rendered":"CERASTIUM tomentosum"},"content":{"rendered":"<p>Vivace luxuriante, rampante avec feuilles lin\u00e9aires-lanc\u00e9ol\u00e9es couvertes par du duvet de couleur blanche ou argent\u00e9e. La feuille atteint jusqu&rsquo;\u00e0 3cm. \u00c0 la fin du printemps il produit des fleurs \u00e9toil\u00e9es blanches, larges jusqu&rsquo;\u00e0 2,5 cm.<\/p>\n","protected":false},"excerpt":{"rendered":"<p>Vivace luxuriante, rampante avec feuilles lin\u00e9aires-lanc\u00e9ol\u00e9es couvertes par du duvet de couleur blanche ou argent\u00e9e. La feuille atteint jusqu&rsquo;\u00e0 3cm. \u00c0 la fin du printemps il produit des fleurs \u00e9toil\u00e9es blanches, larges jusqu&rsquo;\u00e0 2,5 cm.<\/p>\n","protected":false},"featured_media":21260,"template":"","meta":{"_acf_changed":false},"product_brand":[],"product_cat":[8828],"product_tag":[10897],"class_list":{"0":"post-26759","1":"product","2":"type-product","3":"status-publish","4":"has-post-thumbnail","6":"product_cat-herbes-vivaces","7":"product_tag-naturelle","8":"pa_altezza-massima-0_50-metres","9":"pa_colore-fioritura-blanc","10":"pa_condizionamento-clt-fr","11":"pa_famiglia-caryophyllaceae-fr","12":"pa_genere-cerastium-fr","13":"pa_origine-europe-fr","14":"pa_periodo-fioritura-juin","15":"pa_periodo-fioritura-mai","16":"pa_portamento-strisciante-fr","17":"pa_resistenza-climatica-tres-elevee","18":"pa_utilizzo-balcons","19":"pa_utilizzo-bordures","20":"pa_utilizzo-petits-jardins","22":"first","23":"instock","24":"purchasable","25":"product-type-simple"},"acf":[],"_links":{"self":[{"href":"https:\/\/innocentiemangonipiante.it\/fr\/wp-json\/wp\/v2\/product\/26759","targetHints":{"allow":["GET"]}}],"collection":[{"href":"https:\/\/innocentiemangonipiante.it\/fr\/wp-json\/wp\/v2\/product"}],"about":[{"href":"https:\/\/innocentiemangonipiante.it\/fr\/wp-json\/wp\/v2\/types\/product"}],"wp:featuredmedia":[{"embeddable":true,"href":"https:\/\/innocentiemangonipiante.it\/fr\/wp-json\/wp\/v2\/media\/21260"}],"wp:attachment":[{"href":"https:\/\/innocentiemangonipiante.it\/fr\/wp-json\/wp\/v2\/media?parent=26759"}],"wp:term":[{"taxonomy":"product_brand","embeddable":true,"href":"https:\/\/innocentiemangonipiante.it\/fr\/wp-json\/wp\/v2\/product_brand?post=26759"},{"taxonomy":"product_cat","embeddable":true,"href":"https:\/\/innocentiemangonipiante.it\/fr\/wp-json\/wp\/v2\/product_cat?post=26759"},{"taxonomy":"product_tag","embeddable":true,"href":"https:\/\/innocentiemangonipiante.it\/fr\/wp-json\/wp\/v2\/product_tag?post=26759"}],"curies":[{"name":"wp","href":"https:\/\/api.w.org\/{rel}","templated":true}]}}