{"id":26783,"date":"2023-11-04T00:12:33","date_gmt":"2023-11-03T23:12:33","guid":{"rendered":"http:\/\/innocentiemangonipiante.it\/chamaecyparis-pisifera-boulevard\/"},"modified":"2023-11-06T14:20:06","modified_gmt":"2023-11-06T13:20:06","slug":"chamaecyparis-pisifera-boulevard","status":"publish","type":"product","link":"https:\/\/innocentiemangonipiante.it\/fr\/chamaecyparis-pisifera-boulevard\/","title":{"rendered":"CHAMAECYPARIS pisifera &lsquo;Boulevard&rsquo;"},"content":{"rendered":"<p>Conif\u00e8re au port de colonnaire \u00e0 conique, \u00e0 la ramescence \u00e9rig\u00e9e et aux extr\u00e9mit\u00e9s lat\u00e9rales retombantes. Feuillage souple de couleur bleu argent\u00e9. Pr\u00e9f\u00e8re les sols essentiellement acides.<\/p>\n","protected":false},"excerpt":{"rendered":"<p>Conif\u00e8re au port de colonnaire \u00e0 conique, \u00e0 la ramescence \u00e9rig\u00e9e et aux extr\u00e9mit\u00e9s lat\u00e9rales retombantes. Feuillage souple de couleur bleu argent\u00e9. Pr\u00e9f\u00e8re les sols essentiellement acides.<\/p>\n","protected":false},"featured_media":21379,"template":"","meta":{"_acf_changed":false},"product_brand":[],"product_cat":[8824],"product_tag":[10897],"class_list":{"0":"post-26783","1":"product","2":"type-product","3":"status-publish","4":"has-post-thumbnail","6":"product_cat-coniferes","7":"product_tag-naturelle","8":"pa_altezza-massima-200-fr","9":"pa_altezza-massima-300-fr-2","10":"pa_colore-delle-foglie-bleu","11":"pa_famiglia-cupressaceae-fr","12":"pa_genere-chamaecyparis-fr","13":"pa_inquinamento-resistance-a-la-pollution","14":"pa_origine-extreme-orient","15":"pa_portamento-de-colonne","16":"pa_resistenza-climatica-tres-elevee","17":"pa_resistenza-del-suolo-resistant-au-sol-humide","18":"pa_resistenza-del-suolo-resistant-aux-sols-calcaires","19":"pa_utilizzo-parcs","20":"pa_utilizzo-petits-jardins","22":"first","23":"instock","24":"purchasable","25":"product-type-simple"},"acf":[],"_links":{"self":[{"href":"https:\/\/innocentiemangonipiante.it\/fr\/wp-json\/wp\/v2\/product\/26783","targetHints":{"allow":["GET"]}}],"collection":[{"href":"https:\/\/innocentiemangonipiante.it\/fr\/wp-json\/wp\/v2\/product"}],"about":[{"href":"https:\/\/innocentiemangonipiante.it\/fr\/wp-json\/wp\/v2\/types\/product"}],"wp:featuredmedia":[{"embeddable":true,"href":"https:\/\/innocentiemangonipiante.it\/fr\/wp-json\/wp\/v2\/media\/21379"}],"wp:attachment":[{"href":"https:\/\/innocentiemangonipiante.it\/fr\/wp-json\/wp\/v2\/media?parent=26783"}],"wp:term":[{"taxonomy":"product_brand","embeddable":true,"href":"https:\/\/innocentiemangonipiante.it\/fr\/wp-json\/wp\/v2\/product_brand?post=26783"},{"taxonomy":"product_cat","embeddable":true,"href":"https:\/\/innocentiemangonipiante.it\/fr\/wp-json\/wp\/v2\/product_cat?post=26783"},{"taxonomy":"product_tag","embeddable":true,"href":"https:\/\/innocentiemangonipiante.it\/fr\/wp-json\/wp\/v2\/product_tag?post=26783"}],"curies":[{"name":"wp","href":"https:\/\/api.w.org\/{rel}","templated":true}]}}