{"id":26797,"date":"2023-11-04T00:15:39","date_gmt":"2023-11-03T23:15:39","guid":{"rendered":"http:\/\/innocentiemangonipiante.it\/citrus-kumquat-nagami\/"},"modified":"2023-11-06T14:22:01","modified_gmt":"2023-11-06T13:22:01","slug":"citrus-kumquat-nagami","status":"publish","type":"product","link":"https:\/\/innocentiemangonipiante.it\/fr\/citrus-kumquat-nagami\/","title":{"rendered":"CITRUS kumquat &lsquo;Nagami&rsquo;"},"content":{"rendered":"<p>Arbuste persistant. Port arrondi \u00e0 ample. Les feuilles, de couleur vert fonc\u00e9, sont ov\u00e9es et luisantes. \u00c0 la fin du printemps, s\u2019\u00e9panouissent des fleurs blanches suivis par des fruits ovo\u00efdaux d\u2019une longueur de 2,5 \u00e0 3,5 cm de couleur jaune orange, comestibles avec la peau.<\/p>\n","protected":false},"excerpt":{"rendered":"<p>Arbuste persistant. Port arrondi \u00e0 ample. Les feuilles, de couleur vert fonc\u00e9, sont ov\u00e9es et luisantes. \u00c0 la fin du printemps, s\u2019\u00e9panouissent des fleurs blanches suivis par des fruits ovo\u00efdaux d\u2019une longueur de 2,5 \u00e0 3,5 cm de couleur jaune orange, comestibles avec la peau.<\/p>\n","protected":false},"featured_media":21403,"template":"","meta":{"_acf_changed":false},"product_brand":[],"product_cat":[8817],"product_tag":[10897,9932,6255,8750,8735],"class_list":{"0":"post-26797","1":"product","2":"type-product","3":"status-publish","4":"has-post-thumbnail","6":"product_cat-arbres-et-arbustes-persistants","7":"product_tag-naturelle","8":"product_tag-cercle","9":"product_tag-demi-tige","10":"product_tag-espalier-fr","11":"product_tag-quart-de-tige","12":"pa_altezza-massima-300-fr-2","13":"pa_altezza-massima-400-fr","14":"pa_arte-topiaria-disponible-plante-en-forme","15":"pa_colore-fioritura-blanc","16":"pa_condizionamento-clt-fr","17":"pa_famiglia-rutaceae-fr","18":"pa_genere-citrus-fr","19":"pa_origine-asie","20":"pa_periodo-fioritura-juin","21":"pa_periodo-fioritura-mai","22":"pa_periodo-fruttificazione-octobre","23":"pa_portamento-arrondi","24":"pa_profumo-intense-fr","25":"pa_resistenza-climatica-plantes-avec-une-faible-resistance-climatique","26":"pa_resistenza-del-suolo-resistant-aux-sols-secs","27":"pa_utilizzo-balcons","28":"pa_utilizzo-parcs","29":"pa_utilizzo-petits-jardins","31":"first","32":"instock","33":"purchasable","34":"product-type-simple"},"acf":[],"_links":{"self":[{"href":"https:\/\/innocentiemangonipiante.it\/fr\/wp-json\/wp\/v2\/product\/26797","targetHints":{"allow":["GET"]}}],"collection":[{"href":"https:\/\/innocentiemangonipiante.it\/fr\/wp-json\/wp\/v2\/product"}],"about":[{"href":"https:\/\/innocentiemangonipiante.it\/fr\/wp-json\/wp\/v2\/types\/product"}],"wp:featuredmedia":[{"embeddable":true,"href":"https:\/\/innocentiemangonipiante.it\/fr\/wp-json\/wp\/v2\/media\/21403"}],"wp:attachment":[{"href":"https:\/\/innocentiemangonipiante.it\/fr\/wp-json\/wp\/v2\/media?parent=26797"}],"wp:term":[{"taxonomy":"product_brand","embeddable":true,"href":"https:\/\/innocentiemangonipiante.it\/fr\/wp-json\/wp\/v2\/product_brand?post=26797"},{"taxonomy":"product_cat","embeddable":true,"href":"https:\/\/innocentiemangonipiante.it\/fr\/wp-json\/wp\/v2\/product_cat?post=26797"},{"taxonomy":"product_tag","embeddable":true,"href":"https:\/\/innocentiemangonipiante.it\/fr\/wp-json\/wp\/v2\/product_tag?post=26797"}],"curies":[{"name":"wp","href":"https:\/\/api.w.org\/{rel}","templated":true}]}}