{"id":26799,"date":"2023-11-04T00:16:05","date_gmt":"2023-11-03T23:16:05","guid":{"rendered":"http:\/\/innocentiemangonipiante.it\/citrus-x-aurantium\/"},"modified":"2023-11-06T14:22:11","modified_gmt":"2023-11-06T13:22:11","slug":"citrus-x-aurantium","status":"publish","type":"product","link":"https:\/\/innocentiemangonipiante.it\/fr\/citrus-x-aurantium\/","title":{"rendered":"CITRUS x aurantium"},"content":{"rendered":"<p>\u201cOranger amer\u201d. Arbre ou grand arbuste persistant, \u00e9pineux. Port d\u2019arrondi \u00e0 ample. Les feuilles, de vert \u00e0 vert clair, sont luisantes, oblongues et d\u2019une longueur de 10 cm. A partir de la fin du printemps, s\u2019\u00e9panouissent des fleurs simples, d\u2019un blanc pur et parfum\u00e9es. Elles sont suivies par des fruits oranges, arrondis d\u2019un diam\u00e8tre de 7 \u00e0 10 cm \u00e0 la peau \u00e9paisse et au go\u00fbt l\u00e9g\u00e8rement amer.<\/p>\n","protected":false},"excerpt":{"rendered":"<p>\u201cOranger amer\u201d. Arbre ou grand arbuste persistant, \u00e9pineux. Port d\u2019arrondi \u00e0 ample. Les feuilles, de vert \u00e0 vert clair, sont luisantes, oblongues et d\u2019une longueur de 10 cm. A partir de la fin du printemps, s\u2019\u00e9panouissent des fleurs simples, d\u2019un blanc pur et parfum\u00e9es. Elles sont suivies par des fruits oranges, arrondis d\u2019un diam\u00e8tre de [&hellip;]<\/p>\n","protected":false},"featured_media":21415,"template":"","meta":{"_acf_changed":false},"product_brand":[],"product_cat":[8817,9230],"product_tag":[10897,6255,8400],"class_list":{"0":"post-26799","1":"product","2":"type-product","3":"status-publish","4":"has-post-thumbnail","6":"product_cat-arbres-et-arbustes-persistants","7":"product_cat-arbres-et-plantes-du-futur","8":"product_tag-naturelle","9":"product_tag-demi-tige","10":"product_tag-tige","11":"pa_altezza-massima-800-fr","12":"pa_altezza-massima-1000-fr-2","13":"pa_colore-fioritura-blanc","14":"pa_condizionamento-clt-fr","15":"pa_famiglia-rutaceae-fr","16":"pa_genere-citrus-fr","17":"pa_origine-asie","18":"pa_periodo-fioritura-avril","19":"pa_periodo-fioritura-mai","20":"pa_periodo-fruttificazione-novembre-fr","21":"pa_portamento-arrondi","22":"pa_profumo-intense-fr","23":"pa_resistenza-climatica-plantes-avec-une-faible-resistance-climatique","24":"pa_resistenza-del-suolo-resistant-aux-sols-secs","25":"pa_utilizzo-parcs","26":"pa_utilizzo-petits-jardins","28":"first","29":"instock","30":"purchasable","31":"product-type-simple"},"acf":[],"_links":{"self":[{"href":"https:\/\/innocentiemangonipiante.it\/fr\/wp-json\/wp\/v2\/product\/26799","targetHints":{"allow":["GET"]}}],"collection":[{"href":"https:\/\/innocentiemangonipiante.it\/fr\/wp-json\/wp\/v2\/product"}],"about":[{"href":"https:\/\/innocentiemangonipiante.it\/fr\/wp-json\/wp\/v2\/types\/product"}],"wp:featuredmedia":[{"embeddable":true,"href":"https:\/\/innocentiemangonipiante.it\/fr\/wp-json\/wp\/v2\/media\/21415"}],"wp:attachment":[{"href":"https:\/\/innocentiemangonipiante.it\/fr\/wp-json\/wp\/v2\/media?parent=26799"}],"wp:term":[{"taxonomy":"product_brand","embeddable":true,"href":"https:\/\/innocentiemangonipiante.it\/fr\/wp-json\/wp\/v2\/product_brand?post=26799"},{"taxonomy":"product_cat","embeddable":true,"href":"https:\/\/innocentiemangonipiante.it\/fr\/wp-json\/wp\/v2\/product_cat?post=26799"},{"taxonomy":"product_tag","embeddable":true,"href":"https:\/\/innocentiemangonipiante.it\/fr\/wp-json\/wp\/v2\/product_tag?post=26799"}],"curies":[{"name":"wp","href":"https:\/\/api.w.org\/{rel}","templated":true}]}}