{"id":26801,"date":"2023-11-04T00:16:20","date_gmt":"2023-11-03T23:16:20","guid":{"rendered":"http:\/\/innocentiemangonipiante.it\/citrus-x-limon\/"},"modified":"2023-11-06T14:22:19","modified_gmt":"2023-11-06T13:22:19","slug":"citrus-x-limon","status":"publish","type":"product","link":"https:\/\/innocentiemangonipiante.it\/fr\/citrus-x-limon\/","title":{"rendered":"CITRUS x limon"},"content":{"rendered":"<p>\u201cCitronnier\u201d. Arbuste persistant au port irr\u00e9gulier ample, \u00e9pineux: feuilles ov\u00e9es, de vert \u00e0 vert clair d\u2019une longueur de 7 \u00e0 10 cm. \u00c0 partir de la fin du printemps, s\u2019\u00e9panouissent des fleurs blanches, tr\u00e8s parfum\u00e9es, nuanc\u00e9es de rose. Elles sont remplac\u00e9es par des fruits ovo\u00efdaux de couleur jaune d\u2019une longueur de 15 cm.<\/p>\n","protected":false},"excerpt":{"rendered":"<p>\u201cCitronnier\u201d. Arbuste persistant au port irr\u00e9gulier ample, \u00e9pineux: feuilles ov\u00e9es, de vert \u00e0 vert clair d\u2019une longueur de 7 \u00e0 10 cm. \u00c0 partir de la fin du printemps, s\u2019\u00e9panouissent des fleurs blanches, tr\u00e8s parfum\u00e9es, nuanc\u00e9es de rose. Elles sont remplac\u00e9es par des fruits ovo\u00efdaux de couleur jaune d\u2019une longueur de 15 cm.<\/p>\n","protected":false},"featured_media":21427,"template":"","meta":{"_acf_changed":false},"product_brand":[],"product_cat":[8817],"product_tag":[10897],"class_list":{"0":"post-26801","1":"product","2":"type-product","3":"status-publish","4":"has-post-thumbnail","6":"product_cat-arbres-et-arbustes-persistants","7":"product_tag-naturelle","8":"pa_altezza-massima-300-fr-2","9":"pa_altezza-massima-500-fr","10":"pa_colore-fioritura-blanc","11":"pa_famiglia-rutaceae-fr","12":"pa_genere-citrus-fr","13":"pa_origine-asie","14":"pa_periodo-fioritura-avril","15":"pa_periodo-fioritura-mai","16":"pa_periodo-fruttificazione-novembre-fr","17":"pa_portamento-arrondi","18":"pa_profumo-intense-fr","19":"pa_resistenza-climatica-plantes-avec-une-faible-resistance-climatique","20":"pa_resistenza-del-suolo-resistant-aux-sols-secs","21":"pa_utilizzo-parcs","22":"pa_utilizzo-petits-jardins","24":"first","25":"instock","26":"purchasable","27":"product-type-simple"},"acf":[],"_links":{"self":[{"href":"https:\/\/innocentiemangonipiante.it\/fr\/wp-json\/wp\/v2\/product\/26801","targetHints":{"allow":["GET"]}}],"collection":[{"href":"https:\/\/innocentiemangonipiante.it\/fr\/wp-json\/wp\/v2\/product"}],"about":[{"href":"https:\/\/innocentiemangonipiante.it\/fr\/wp-json\/wp\/v2\/types\/product"}],"wp:featuredmedia":[{"embeddable":true,"href":"https:\/\/innocentiemangonipiante.it\/fr\/wp-json\/wp\/v2\/media\/21427"}],"wp:attachment":[{"href":"https:\/\/innocentiemangonipiante.it\/fr\/wp-json\/wp\/v2\/media?parent=26801"}],"wp:term":[{"taxonomy":"product_brand","embeddable":true,"href":"https:\/\/innocentiemangonipiante.it\/fr\/wp-json\/wp\/v2\/product_brand?post=26801"},{"taxonomy":"product_cat","embeddable":true,"href":"https:\/\/innocentiemangonipiante.it\/fr\/wp-json\/wp\/v2\/product_cat?post=26801"},{"taxonomy":"product_tag","embeddable":true,"href":"https:\/\/innocentiemangonipiante.it\/fr\/wp-json\/wp\/v2\/product_tag?post=26801"}],"curies":[{"name":"wp","href":"https:\/\/api.w.org\/{rel}","templated":true}]}}