{"id":26808,"date":"2023-11-04T00:17:28","date_gmt":"2023-11-03T23:17:28","guid":{"rendered":"http:\/\/innocentiemangonipiante.it\/clematis-in-varieta-2\/"},"modified":"2023-11-06T14:22:45","modified_gmt":"2023-11-06T13:22:45","slug":"clematis-in-varieta","status":"publish","type":"product","link":"https:\/\/innocentiemangonipiante.it\/fr\/clematis-in-varieta\/","title":{"rendered":"CLEMATIS in variet\u00e0"},"content":{"rendered":"<p>Genre d\u2019environ 200 esp\u00e8ces de grimpantes, caduques cultiv\u00e9es pour la beaut\u00e9 de leur fleurs. Nous avons s\u00e9lectionn\u00e9 pour vous quelques-unes de ces vari\u00e9t\u00e9s les plus belles.<\/p>\n","protected":false},"excerpt":{"rendered":"<p>Genre d\u2019environ 200 esp\u00e8ces de grimpantes, caduques cultiv\u00e9es pour la beaut\u00e9 de leur fleurs. Nous avons s\u00e9lectionn\u00e9 pour vous quelques-unes de ces vari\u00e9t\u00e9s les plus belles.<\/p>\n","protected":false},"featured_media":21459,"template":"","meta":{"_acf_changed":false},"product_brand":[],"product_cat":[8836],"product_tag":[10897],"class_list":{"0":"post-26808","1":"product","2":"type-product","3":"status-publish","4":"has-post-thumbnail","6":"product_cat-lianes","7":"product_tag-naturelle","8":"pa_altezza-massima-300-fr-2","9":"pa_altezza-massima-500-fr","10":"pa_condizionamento-clt-fr","11":"pa_famiglia-ranunculaceae-fr","12":"pa_genere-clematis-fr","13":"pa_origine-asie-orientale","14":"pa_periodo-fioritura-juin","15":"pa_periodo-fioritura-mai","16":"pa_portamento-liane","17":"pa_resistenza-climatica-moyenne-elevee","18":"pa_resistenza-del-suolo-resistant-aux-sols-calcaires","19":"pa_utilizzo-balcons","20":"pa_utilizzo-petits-jardins","22":"first","23":"instock","24":"purchasable","25":"product-type-simple"},"acf":[],"_links":{"self":[{"href":"https:\/\/innocentiemangonipiante.it\/fr\/wp-json\/wp\/v2\/product\/26808","targetHints":{"allow":["GET"]}}],"collection":[{"href":"https:\/\/innocentiemangonipiante.it\/fr\/wp-json\/wp\/v2\/product"}],"about":[{"href":"https:\/\/innocentiemangonipiante.it\/fr\/wp-json\/wp\/v2\/types\/product"}],"wp:featuredmedia":[{"embeddable":true,"href":"https:\/\/innocentiemangonipiante.it\/fr\/wp-json\/wp\/v2\/media\/21459"}],"wp:attachment":[{"href":"https:\/\/innocentiemangonipiante.it\/fr\/wp-json\/wp\/v2\/media?parent=26808"}],"wp:term":[{"taxonomy":"product_brand","embeddable":true,"href":"https:\/\/innocentiemangonipiante.it\/fr\/wp-json\/wp\/v2\/product_brand?post=26808"},{"taxonomy":"product_cat","embeddable":true,"href":"https:\/\/innocentiemangonipiante.it\/fr\/wp-json\/wp\/v2\/product_cat?post=26808"},{"taxonomy":"product_tag","embeddable":true,"href":"https:\/\/innocentiemangonipiante.it\/fr\/wp-json\/wp\/v2\/product_tag?post=26808"}],"curies":[{"name":"wp","href":"https:\/\/api.w.org\/{rel}","templated":true}]}}