{"id":26809,"date":"2023-11-04T00:17:34","date_gmt":"2023-11-03T23:17:34","guid":{"rendered":"http:\/\/innocentiemangonipiante.it\/clerodendrum-trichotomum\/"},"modified":"2023-11-06T14:22:48","modified_gmt":"2023-11-06T13:22:48","slug":"clerodendrum-trichotomum","status":"publish","type":"product","link":"https:\/\/innocentiemangonipiante.it\/fr\/clerodendrum-trichotomum\/","title":{"rendered":"CLERODENDRUM trichotomum"},"content":{"rendered":"<p>Arbuste ou petit arbre \u00e0 feuille caduque au port ample. Les feuilles oppos\u00e9es, de couleur vert fonc\u00e9, sont d\u2019une longueur de 20 cm. \u00c0 partir de la fin de l\u2019\u00e9t\u00e9 jusqu\u2019au d\u00e9but de l\u2019automne, il porte des fleurs blanches, parfum\u00e9es suivies par des fruits de couleur bleu brillant en forme de baie. A planter dans des espaces restreints et tr\u00e8s ensoleill\u00e9s.<\/p>\n","protected":false},"excerpt":{"rendered":"<p>Arbuste ou petit arbre \u00e0 feuille caduque au port ample. Les feuilles oppos\u00e9es, de couleur vert fonc\u00e9, sont d\u2019une longueur de 20 cm. \u00c0 partir de la fin de l\u2019\u00e9t\u00e9 jusqu\u2019au d\u00e9but de l\u2019automne, il porte des fleurs blanches, parfum\u00e9es suivies par des fruits de couleur bleu brillant en forme de baie. A planter dans [&hellip;]<\/p>\n","protected":false},"featured_media":21465,"template":"","meta":{"_acf_changed":false},"product_brand":[],"product_cat":[8812],"product_tag":[10897],"class_list":{"0":"post-26809","1":"product","2":"type-product","3":"status-publish","4":"has-post-thumbnail","6":"product_cat-arbres-et-arbustes-a-feuilles-caduques","7":"product_tag-naturelle","8":"pa_altezza-massima-400-fr","9":"pa_altezza-massima-600-fr","10":"pa_colore-fioritura-blanc","11":"pa_famiglia-verbenaceae-fr","12":"pa_genere-clerodendrum-fr","13":"pa_origine-asie-orientale","14":"pa_periodo-fioritura-aout","15":"pa_periodo-fioritura-octobre","16":"pa_periodo-fioritura-septembre","17":"pa_periodo-fruttificazione-octobre","18":"pa_portamento-cespuglioso-fr","19":"pa_resistenza-climatica-moyenne-elevee","20":"pa_resistenza-del-suolo-resistant-aux-sols-calcaires","21":"pa_utilizzo-parcs","22":"pa_utilizzo-petits-jardins","24":"first","25":"instock","26":"purchasable","27":"product-type-simple"},"acf":[],"_links":{"self":[{"href":"https:\/\/innocentiemangonipiante.it\/fr\/wp-json\/wp\/v2\/product\/26809","targetHints":{"allow":["GET"]}}],"collection":[{"href":"https:\/\/innocentiemangonipiante.it\/fr\/wp-json\/wp\/v2\/product"}],"about":[{"href":"https:\/\/innocentiemangonipiante.it\/fr\/wp-json\/wp\/v2\/types\/product"}],"wp:featuredmedia":[{"embeddable":true,"href":"https:\/\/innocentiemangonipiante.it\/fr\/wp-json\/wp\/v2\/media\/21465"}],"wp:attachment":[{"href":"https:\/\/innocentiemangonipiante.it\/fr\/wp-json\/wp\/v2\/media?parent=26809"}],"wp:term":[{"taxonomy":"product_brand","embeddable":true,"href":"https:\/\/innocentiemangonipiante.it\/fr\/wp-json\/wp\/v2\/product_brand?post=26809"},{"taxonomy":"product_cat","embeddable":true,"href":"https:\/\/innocentiemangonipiante.it\/fr\/wp-json\/wp\/v2\/product_cat?post=26809"},{"taxonomy":"product_tag","embeddable":true,"href":"https:\/\/innocentiemangonipiante.it\/fr\/wp-json\/wp\/v2\/product_tag?post=26809"}],"curies":[{"name":"wp","href":"https:\/\/api.w.org\/{rel}","templated":true}]}}