{"id":26856,"date":"2023-11-04T00:27:32","date_gmt":"2023-11-03T23:27:32","guid":{"rendered":"http:\/\/innocentiemangonipiante.it\/cornus-x-aurora\/"},"modified":"2023-11-06T14:27:05","modified_gmt":"2023-11-06T13:27:05","slug":"cornus-x-aurora","status":"publish","type":"product","link":"https:\/\/innocentiemangonipiante.it\/fr\/cornus-x-aurora\/","title":{"rendered":"CORNUS x &lsquo;Aurora&rsquo;"},"content":{"rendered":"<p>S\u00e9lection vigoureuse. Feuilles vert fonc\u00e9 arrondies. Bract\u00e9es blanches.<\/p>\n","protected":false},"excerpt":{"rendered":"<p>S\u00e9lection vigoureuse. Feuilles vert fonc\u00e9 arrondies. Bract\u00e9es blanches.<\/p>\n","protected":false},"featured_media":21607,"template":"","meta":{"_acf_changed":false},"product_brand":[],"product_cat":[8812],"product_tag":[10897],"class_list":{"0":"post-26856","1":"product","2":"type-product","3":"status-publish","4":"has-post-thumbnail","6":"product_cat-arbres-et-arbustes-a-feuilles-caduques","7":"product_tag-naturelle","8":"pa_altezza-massima-500-fr","9":"pa_altezza-massima-800-fr","10":"pa_colore-fioritura-blanc","11":"pa_famiglia-cornaceae-fr","12":"pa_genere-cornus-fr","13":"pa_origine-origine-delle-piante-u-s-a","14":"pa_periodo-fioritura-mai","15":"pa_portamento-arrondi","16":"pa_resistenza-climatica-moyenne-elevee","17":"pa_utilizzo-parcs","18":"pa_utilizzo-petits-jardins","20":"first","21":"instock","22":"purchasable","23":"product-type-simple"},"acf":[],"_links":{"self":[{"href":"https:\/\/innocentiemangonipiante.it\/fr\/wp-json\/wp\/v2\/product\/26856","targetHints":{"allow":["GET"]}}],"collection":[{"href":"https:\/\/innocentiemangonipiante.it\/fr\/wp-json\/wp\/v2\/product"}],"about":[{"href":"https:\/\/innocentiemangonipiante.it\/fr\/wp-json\/wp\/v2\/types\/product"}],"wp:featuredmedia":[{"embeddable":true,"href":"https:\/\/innocentiemangonipiante.it\/fr\/wp-json\/wp\/v2\/media\/21607"}],"wp:attachment":[{"href":"https:\/\/innocentiemangonipiante.it\/fr\/wp-json\/wp\/v2\/media?parent=26856"}],"wp:term":[{"taxonomy":"product_brand","embeddable":true,"href":"https:\/\/innocentiemangonipiante.it\/fr\/wp-json\/wp\/v2\/product_brand?post=26856"},{"taxonomy":"product_cat","embeddable":true,"href":"https:\/\/innocentiemangonipiante.it\/fr\/wp-json\/wp\/v2\/product_cat?post=26856"},{"taxonomy":"product_tag","embeddable":true,"href":"https:\/\/innocentiemangonipiante.it\/fr\/wp-json\/wp\/v2\/product_tag?post=26856"}],"curies":[{"name":"wp","href":"https:\/\/api.w.org\/{rel}","templated":true}]}}