{"id":26857,"date":"2023-11-04T00:27:38","date_gmt":"2023-11-03T23:27:38","guid":{"rendered":"http:\/\/innocentiemangonipiante.it\/cornus-x-eddies-white-wonder-2\/"},"modified":"2023-11-06T14:27:08","modified_gmt":"2023-11-06T13:27:08","slug":"cornus-x-eddies-white-wonder","status":"publish","type":"product","link":"https:\/\/innocentiemangonipiante.it\/fr\/cornus-x-eddies-white-wonder\/","title":{"rendered":"CORNUS x &lsquo;Eddie&rsquo;s White Wonder&rsquo;"},"content":{"rendered":"<p>Feuilles ov\u00e9es vertes et longues (jusqu\u2019\u00e0 12 cm) qui passent du vert au rouge en automne. En maijuin, il produit des fleurs compos\u00e9es de grandes bract\u00e9es blanches.<\/p>\n","protected":false},"excerpt":{"rendered":"<p>Feuilles ov\u00e9es vertes et longues (jusqu\u2019\u00e0 12 cm) qui passent du vert au rouge en automne. En maijuin, il produit des fleurs compos\u00e9es de grandes bract\u00e9es blanches.<\/p>\n","protected":false},"featured_media":2012,"template":"","meta":{"_acf_changed":false},"product_brand":[],"product_cat":[8812],"product_tag":[10897],"class_list":{"0":"post-26857","1":"product","2":"type-product","3":"status-publish","4":"has-post-thumbnail","6":"product_cat-arbres-et-arbustes-a-feuilles-caduques","7":"product_tag-naturelle","8":"pa_altezza-massima-500-fr","9":"pa_altezza-massima-800-fr","10":"pa_colore-fioritura-blanc","11":"pa_condizionamento-clt-fr","12":"pa_famiglia-cornaceae-fr","13":"pa_genere-cornus-fr","14":"pa_inquinamento-resistance-a-la-pollution","15":"pa_origine-canada-fr","16":"pa_periodo-fioritura-juin","17":"pa_periodo-fioritura-mai","18":"pa_portamento-piramidale-fr","19":"pa_resistenza-climatica-tres-elevee","20":"pa_utilizzo-parcs","21":"pa_utilizzo-petits-jardins","23":"first","24":"instock","25":"purchasable","26":"product-type-simple"},"acf":[],"_links":{"self":[{"href":"https:\/\/innocentiemangonipiante.it\/fr\/wp-json\/wp\/v2\/product\/26857","targetHints":{"allow":["GET"]}}],"collection":[{"href":"https:\/\/innocentiemangonipiante.it\/fr\/wp-json\/wp\/v2\/product"}],"about":[{"href":"https:\/\/innocentiemangonipiante.it\/fr\/wp-json\/wp\/v2\/types\/product"}],"wp:featuredmedia":[{"embeddable":true,"href":"https:\/\/innocentiemangonipiante.it\/fr\/wp-json\/wp\/v2\/media\/2012"}],"wp:attachment":[{"href":"https:\/\/innocentiemangonipiante.it\/fr\/wp-json\/wp\/v2\/media?parent=26857"}],"wp:term":[{"taxonomy":"product_brand","embeddable":true,"href":"https:\/\/innocentiemangonipiante.it\/fr\/wp-json\/wp\/v2\/product_brand?post=26857"},{"taxonomy":"product_cat","embeddable":true,"href":"https:\/\/innocentiemangonipiante.it\/fr\/wp-json\/wp\/v2\/product_cat?post=26857"},{"taxonomy":"product_tag","embeddable":true,"href":"https:\/\/innocentiemangonipiante.it\/fr\/wp-json\/wp\/v2\/product_tag?post=26857"}],"curies":[{"name":"wp","href":"https:\/\/api.w.org\/{rel}","templated":true}]}}