{"id":26858,"date":"2023-11-04T00:28:06","date_gmt":"2023-11-03T23:28:06","guid":{"rendered":"http:\/\/innocentiemangonipiante.it\/cortaderia-selloana\/"},"modified":"2023-11-06T14:27:50","modified_gmt":"2023-11-06T13:27:50","slug":"cortaderia-selloana","status":"publish","type":"product","link":"https:\/\/innocentiemangonipiante.it\/fr\/cortaderia-selloana\/","title":{"rendered":"CORTADERIA selloana"},"content":{"rendered":"<p>Gramin\u00e9e vivace persistante, cespiteuse, aux feuilles recourb\u00e9es de couleur vert glauque. \u00c0 la fin de l\u2019\u00e9t\u00e9, elle donne des \u00e9pis s\u00e9tac\u00e9s de couleur blanc argent\u00e9 qui se dressent verticalement au centre de la plante.<\/p>\n","protected":false},"excerpt":{"rendered":"<p>Gramin\u00e9e vivace persistante, cespiteuse, aux feuilles recourb\u00e9es de couleur vert glauque. \u00c0 la fin de l\u2019\u00e9t\u00e9, elle donne des \u00e9pis s\u00e9tac\u00e9s de couleur blanc argent\u00e9 qui se dressent verticalement au centre de la plante.<\/p>\n","protected":false},"featured_media":21614,"template":"","meta":{"_acf_changed":false},"product_brand":[],"product_cat":[8817],"product_tag":[10897],"class_list":{"0":"post-26858","1":"product","2":"type-product","3":"status-publish","4":"has-post-thumbnail","6":"product_cat-arbres-et-arbustes-persistants","7":"product_tag-naturelle","8":"pa_altezza-massima-200-fr","9":"pa_altezza-massima-300-fr-2","10":"pa_colore-fioritura-blanc","11":"pa_condizionamento-clt-fr","12":"pa_famiglia-poaceae-fr","13":"pa_genere-cortaderia-fr","14":"pa_origine-amerique-du-sud","15":"pa_periodo-fioritura-septembre","16":"pa_portamento-arcuato-fr","17":"pa_resistenza-climatica-tres-elevee","18":"pa_salinita-resistance-a-la-salinisation","19":"pa_utilizzo-parcs","20":"pa_utilizzo-petits-jardins","22":"first","23":"instock","24":"purchasable","25":"product-type-simple"},"acf":[],"_links":{"self":[{"href":"https:\/\/innocentiemangonipiante.it\/fr\/wp-json\/wp\/v2\/product\/26858","targetHints":{"allow":["GET"]}}],"collection":[{"href":"https:\/\/innocentiemangonipiante.it\/fr\/wp-json\/wp\/v2\/product"}],"about":[{"href":"https:\/\/innocentiemangonipiante.it\/fr\/wp-json\/wp\/v2\/types\/product"}],"wp:featuredmedia":[{"embeddable":true,"href":"https:\/\/innocentiemangonipiante.it\/fr\/wp-json\/wp\/v2\/media\/21614"}],"wp:attachment":[{"href":"https:\/\/innocentiemangonipiante.it\/fr\/wp-json\/wp\/v2\/media?parent=26858"}],"wp:term":[{"taxonomy":"product_brand","embeddable":true,"href":"https:\/\/innocentiemangonipiante.it\/fr\/wp-json\/wp\/v2\/product_brand?post=26858"},{"taxonomy":"product_cat","embeddable":true,"href":"https:\/\/innocentiemangonipiante.it\/fr\/wp-json\/wp\/v2\/product_cat?post=26858"},{"taxonomy":"product_tag","embeddable":true,"href":"https:\/\/innocentiemangonipiante.it\/fr\/wp-json\/wp\/v2\/product_tag?post=26858"}],"curies":[{"name":"wp","href":"https:\/\/api.w.org\/{rel}","templated":true}]}}