{"id":26864,"date":"2023-11-04T00:28:47","date_gmt":"2023-11-03T23:28:47","guid":{"rendered":"http:\/\/innocentiemangonipiante.it\/corylus-avellana\/"},"modified":"2023-11-06T14:28:04","modified_gmt":"2023-11-06T13:28:04","slug":"corylus-avellana","status":"publish","type":"product","link":"https:\/\/innocentiemangonipiante.it\/fr\/corylus-avellana\/","title":{"rendered":"CORYLUS avellana"},"content":{"rendered":"<p>Arbuste \u00e9rig\u00e9 ou petit arbre avec feuilles largement cord\u00e9es, dentel\u00e9es, de couleur vert moyenne, jusqu\u2019\u00e0 10 cm de longueur.<\/p>\n","protected":false},"excerpt":{"rendered":"<p>Arbuste \u00e9rig\u00e9 ou petit arbre avec feuilles largement cord\u00e9es, dentel\u00e9es, de couleur vert moyenne, jusqu\u2019\u00e0 10 cm de longueur.<\/p>\n","protected":false},"featured_media":21630,"template":"","meta":{"_acf_changed":false},"product_brand":[],"product_cat":[8812],"product_tag":[10897,8596],"class_list":{"0":"post-26864","1":"product","2":"type-product","3":"status-publish","4":"has-post-thumbnail","6":"product_cat-arbres-et-arbustes-a-feuilles-caduques","7":"product_tag-naturelle","8":"product_tag-cepee","9":"pa_altezza-massima-400-fr","10":"pa_altezza-massima-600-fr","11":"pa_colore-fioritura-jaune","12":"pa_condizionamento-clt-fr","13":"pa_famiglia-betulaceae-fr","14":"pa_genere-corylus-fr","15":"pa_origine-asie","16":"pa_origine-europe-mediterraneenne","17":"pa_periodo-fioritura-decembre","18":"pa_periodo-fioritura-novembre-fr","19":"pa_resistenza-climatica-tres-elevee","20":"pa_resistenza-del-suolo-resistant-au-sol-humide","22":"first","23":"instock","24":"purchasable","25":"product-type-simple"},"acf":[],"_links":{"self":[{"href":"https:\/\/innocentiemangonipiante.it\/fr\/wp-json\/wp\/v2\/product\/26864","targetHints":{"allow":["GET"]}}],"collection":[{"href":"https:\/\/innocentiemangonipiante.it\/fr\/wp-json\/wp\/v2\/product"}],"about":[{"href":"https:\/\/innocentiemangonipiante.it\/fr\/wp-json\/wp\/v2\/types\/product"}],"wp:featuredmedia":[{"embeddable":true,"href":"https:\/\/innocentiemangonipiante.it\/fr\/wp-json\/wp\/v2\/media\/21630"}],"wp:attachment":[{"href":"https:\/\/innocentiemangonipiante.it\/fr\/wp-json\/wp\/v2\/media?parent=26864"}],"wp:term":[{"taxonomy":"product_brand","embeddable":true,"href":"https:\/\/innocentiemangonipiante.it\/fr\/wp-json\/wp\/v2\/product_brand?post=26864"},{"taxonomy":"product_cat","embeddable":true,"href":"https:\/\/innocentiemangonipiante.it\/fr\/wp-json\/wp\/v2\/product_cat?post=26864"},{"taxonomy":"product_tag","embeddable":true,"href":"https:\/\/innocentiemangonipiante.it\/fr\/wp-json\/wp\/v2\/product_tag?post=26864"}],"curies":[{"name":"wp","href":"https:\/\/api.w.org\/{rel}","templated":true}]}}