{"id":26885,"date":"2023-11-04T00:36:07","date_gmt":"2023-11-03T23:36:07","guid":{"rendered":"http:\/\/innocentiemangonipiante.it\/cupressus-torulosa\/"},"modified":"2023-11-06T14:32:53","modified_gmt":"2023-11-06T13:32:53","slug":"cupressus-torulosa","status":"publish","type":"product","link":"https:\/\/innocentiemangonipiante.it\/fr\/cupressus-torulosa\/","title":{"rendered":"CUPRESSUS torulosa"},"content":{"rendered":"<p>Arbre \u00e0 feuilles caduques de forme conique, aux feuilles ov\u00e9es de couleur verte. Les fleurs sont blanches et s\u2019\u00e9panouissent \u00e0 la fin du printemps, remplac\u00e9es ensuite par des fruits de petites dimensions de couleur orange-rouge.<\/p>\n","protected":false},"excerpt":{"rendered":"<p>Arbre \u00e0 feuilles caduques de forme conique, aux feuilles ov\u00e9es de couleur verte. Les fleurs sont blanches et s\u2019\u00e9panouissent \u00e0 la fin du printemps, remplac\u00e9es ensuite par des fruits de petites dimensions de couleur orange-rouge.<\/p>\n","protected":false},"featured_media":21721,"template":"","meta":{"_acf_changed":false},"product_brand":[],"product_cat":[8824],"product_tag":[10897],"class_list":{"0":"post-26885","1":"product","2":"type-product","3":"status-publish","4":"has-post-thumbnail","6":"product_cat-coniferes","7":"product_tag-naturelle","8":"pa_altezza-massima-30-metres","9":"pa_altezza-massima-4500-fr","10":"pa_famiglia-cupressaceae-fr","11":"pa_genere-cupressus-fr","12":"pa_origine-north-india-fr","13":"pa_portamento-conico-fr","14":"pa_resistenza-climatica-tres-elevee","15":"pa_resistenza-del-suolo-resistant-au-sol-humide","16":"pa_resistenza-del-suolo-resistant-aux-sols-calcaires","17":"pa_utilizzo-parcs","19":"first","20":"instock","21":"purchasable","22":"product-type-simple"},"acf":[],"_links":{"self":[{"href":"https:\/\/innocentiemangonipiante.it\/fr\/wp-json\/wp\/v2\/product\/26885","targetHints":{"allow":["GET"]}}],"collection":[{"href":"https:\/\/innocentiemangonipiante.it\/fr\/wp-json\/wp\/v2\/product"}],"about":[{"href":"https:\/\/innocentiemangonipiante.it\/fr\/wp-json\/wp\/v2\/types\/product"}],"wp:featuredmedia":[{"embeddable":true,"href":"https:\/\/innocentiemangonipiante.it\/fr\/wp-json\/wp\/v2\/media\/21721"}],"wp:attachment":[{"href":"https:\/\/innocentiemangonipiante.it\/fr\/wp-json\/wp\/v2\/media?parent=26885"}],"wp:term":[{"taxonomy":"product_brand","embeddable":true,"href":"https:\/\/innocentiemangonipiante.it\/fr\/wp-json\/wp\/v2\/product_brand?post=26885"},{"taxonomy":"product_cat","embeddable":true,"href":"https:\/\/innocentiemangonipiante.it\/fr\/wp-json\/wp\/v2\/product_cat?post=26885"},{"taxonomy":"product_tag","embeddable":true,"href":"https:\/\/innocentiemangonipiante.it\/fr\/wp-json\/wp\/v2\/product_tag?post=26885"}],"curies":[{"name":"wp","href":"https:\/\/api.w.org\/{rel}","templated":true}]}}