{"id":26886,"date":"2023-11-04T00:36:27","date_gmt":"2023-11-03T23:36:27","guid":{"rendered":"http:\/\/innocentiemangonipiante.it\/cydonia-vulgaris-du-portugal\/"},"modified":"2023-11-06T14:33:05","modified_gmt":"2023-11-06T13:33:05","slug":"cydonia-vulgaris-du-portugal","status":"publish","type":"product","link":"https:\/\/innocentiemangonipiante.it\/fr\/cydonia-vulgaris-du-portugal\/","title":{"rendered":"CYDONIA vulgaris &lsquo;Du Portugal&rsquo;"},"content":{"rendered":"<p>Arbuste \u00e9rig\u00e9 ou petit arbre avec feuilles largement cord\u00e9es, dentel\u00e9es, de couleur vert moyenne, jusqu\u2019\u00e0 10 cm de longueur.<\/p>\n","protected":false},"excerpt":{"rendered":"<p>Arbuste \u00e9rig\u00e9 ou petit arbre avec feuilles largement cord\u00e9es, dentel\u00e9es, de couleur vert moyenne, jusqu\u2019\u00e0 10 cm de longueur.<\/p>\n","protected":false},"featured_media":21727,"template":"","meta":{"_acf_changed":false},"product_brand":[],"product_cat":[8317],"product_tag":[10897,6255],"class_list":{"0":"post-26886","1":"product","2":"type-product","3":"status-publish","4":"has-post-thumbnail","6":"product_cat-sans-categorie","7":"product_tag-naturelle","8":"product_tag-demi-tige","9":"pa_altezza-massima-300-fr-2","10":"pa_altezza-massima-400-fr","11":"pa_arte-topiaria-disponible-plante-en-forme","12":"pa_colore-fioritura-blanc","13":"pa_condizionamento-clt-fr","14":"pa_famiglia-rosaceae-fr","15":"pa_genere-cydonia-fr","16":"pa_origine-portugal-fr","17":"pa_periodo-fioritura-avril","18":"pa_periodo-fioritura-mai","19":"pa_periodo-fruttificazione-novembre-fr","20":"pa_portamento-arrondi","21":"pa_resistenza-climatica-tres-elevee","22":"pa_utilizzo-petits-jardins","24":"first","25":"instock","26":"purchasable","27":"product-type-simple"},"acf":[],"_links":{"self":[{"href":"https:\/\/innocentiemangonipiante.it\/fr\/wp-json\/wp\/v2\/product\/26886","targetHints":{"allow":["GET"]}}],"collection":[{"href":"https:\/\/innocentiemangonipiante.it\/fr\/wp-json\/wp\/v2\/product"}],"about":[{"href":"https:\/\/innocentiemangonipiante.it\/fr\/wp-json\/wp\/v2\/types\/product"}],"wp:featuredmedia":[{"embeddable":true,"href":"https:\/\/innocentiemangonipiante.it\/fr\/wp-json\/wp\/v2\/media\/21727"}],"wp:attachment":[{"href":"https:\/\/innocentiemangonipiante.it\/fr\/wp-json\/wp\/v2\/media?parent=26886"}],"wp:term":[{"taxonomy":"product_brand","embeddable":true,"href":"https:\/\/innocentiemangonipiante.it\/fr\/wp-json\/wp\/v2\/product_brand?post=26886"},{"taxonomy":"product_cat","embeddable":true,"href":"https:\/\/innocentiemangonipiante.it\/fr\/wp-json\/wp\/v2\/product_cat?post=26886"},{"taxonomy":"product_tag","embeddable":true,"href":"https:\/\/innocentiemangonipiante.it\/fr\/wp-json\/wp\/v2\/product_tag?post=26886"}],"curies":[{"name":"wp","href":"https:\/\/api.w.org\/{rel}","templated":true}]}}