{"id":26903,"date":"2023-11-04T00:40:05","date_gmt":"2023-11-03T23:40:05","guid":{"rendered":"http:\/\/innocentiemangonipiante.it\/diospyros-kaki-fuyu\/"},"modified":"2023-11-06T14:34:25","modified_gmt":"2023-11-06T13:34:25","slug":"diospyros-kaki-fuyu","status":"publish","type":"product","link":"https:\/\/innocentiemangonipiante.it\/fr\/diospyros-kaki-fuyu\/","title":{"rendered":"DIOSPYROS KAKI &lsquo;Fuyu&rsquo;"},"content":{"rendered":"<p>Fruit de taille moyenne plus aplati, jaune-orange. Bien r\u00e9sistant au froid. C\u2019est comestible m\u00eame si pas compl\u00e8tement m\u00fbr.<\/p>\n","protected":false},"excerpt":{"rendered":"<p>Fruit de taille moyenne plus aplati, jaune-orange. Bien r\u00e9sistant au froid. C\u2019est comestible m\u00eame si pas compl\u00e8tement m\u00fbr.<\/p>\n","protected":false},"featured_media":21794,"template":"","meta":{"_acf_changed":false},"product_brand":[],"product_cat":[8808,9230],"product_tag":[10897,6255,8400],"class_list":{"0":"post-26903","1":"product","2":"type-product","3":"status-publish","4":"has-post-thumbnail","6":"product_cat-fruitiers","7":"product_cat-arbres-et-plantes-du-futur","8":"product_tag-naturelle","9":"product_tag-demi-tige","10":"product_tag-tige","11":"pa_altezza-massima-800-fr","12":"pa_altezza-massima-1000-fr-2","13":"pa_arte-topiaria-disponible-plante-en-forme","14":"pa_colore-fioritura-blanc","15":"pa_condizionamento-clt-fr","16":"pa_condizionamento-motte","17":"pa_famiglia-ebenaceae-fr","18":"pa_genere-diospyros-kaki-fr","19":"pa_origine-japon","20":"pa_periodo-fioritura-avril","21":"pa_periodo-fruttificazione-novembre-fr","22":"pa_periodo-fruttificazione-octobre","23":"pa_portamento-arrondi","24":"pa_resistenza-climatica-moyenne","25":"pa_utilizzo-petits-jardins","27":"first","28":"instock","29":"purchasable","30":"product-type-simple"},"acf":[],"_links":{"self":[{"href":"https:\/\/innocentiemangonipiante.it\/fr\/wp-json\/wp\/v2\/product\/26903","targetHints":{"allow":["GET"]}}],"collection":[{"href":"https:\/\/innocentiemangonipiante.it\/fr\/wp-json\/wp\/v2\/product"}],"about":[{"href":"https:\/\/innocentiemangonipiante.it\/fr\/wp-json\/wp\/v2\/types\/product"}],"wp:featuredmedia":[{"embeddable":true,"href":"https:\/\/innocentiemangonipiante.it\/fr\/wp-json\/wp\/v2\/media\/21794"}],"wp:attachment":[{"href":"https:\/\/innocentiemangonipiante.it\/fr\/wp-json\/wp\/v2\/media?parent=26903"}],"wp:term":[{"taxonomy":"product_brand","embeddable":true,"href":"https:\/\/innocentiemangonipiante.it\/fr\/wp-json\/wp\/v2\/product_brand?post=26903"},{"taxonomy":"product_cat","embeddable":true,"href":"https:\/\/innocentiemangonipiante.it\/fr\/wp-json\/wp\/v2\/product_cat?post=26903"},{"taxonomy":"product_tag","embeddable":true,"href":"https:\/\/innocentiemangonipiante.it\/fr\/wp-json\/wp\/v2\/product_tag?post=26903"}],"curies":[{"name":"wp","href":"https:\/\/api.w.org\/{rel}","templated":true}]}}