{"id":26905,"date":"2023-11-04T00:40:21","date_gmt":"2023-11-03T23:40:21","guid":{"rendered":"http:\/\/innocentiemangonipiante.it\/diospyros-kaki-muscat\/"},"modified":"2023-11-06T14:34:30","modified_gmt":"2023-11-06T13:34:30","slug":"diospyros-kaki-muscat","status":"publish","type":"product","link":"https:\/\/innocentiemangonipiante.it\/fr\/diospyros-kaki-muscat\/","title":{"rendered":"DIOSPYROS KAKI &lsquo;Muscat&rsquo;"},"content":{"rendered":"<p>Fruit de grande taille, arrondi orange clair, tendre, parfois \u00e2pre si pas compl\u00e8tement m\u00fbr.<\/p>\n","protected":false},"excerpt":{"rendered":"<p>Fruit de grande taille, arrondi orange clair, tendre, parfois \u00e2pre si pas compl\u00e8tement m\u00fbr.<\/p>\n","protected":false},"featured_media":21801,"template":"","meta":{"_acf_changed":false},"product_brand":[],"product_cat":[8808,9230],"product_tag":[10897,6255,8735,8400],"class_list":{"0":"post-26905","1":"product","2":"type-product","3":"status-publish","4":"has-post-thumbnail","6":"product_cat-fruitiers","7":"product_cat-arbres-et-plantes-du-futur","8":"product_tag-naturelle","9":"product_tag-demi-tige","10":"product_tag-quart-de-tige","11":"product_tag-tige","12":"pa_altezza-massima-800-fr","13":"pa_altezza-massima-1000-fr-2","14":"pa_arte-topiaria-disponible-plante-en-forme","15":"pa_colore-fioritura-jaune","16":"pa_condizionamento-clt-fr","17":"pa_condizionamento-motte","18":"pa_famiglia-ebenaceae-fr","19":"pa_genere-diospyros-kaki-fr","20":"pa_origine-italie","21":"pa_periodo-fioritura-juin","22":"pa_periodo-fioritura-mai","23":"pa_periodo-fruttificazione-decembre","24":"pa_periodo-fruttificazione-novembre-fr","25":"pa_periodo-fruttificazione-octobre","26":"pa_portamento-arrondi","27":"pa_resistenza-climatica-moyenne","28":"pa_utilizzo-petits-jardins","30":"first","31":"instock","32":"purchasable","33":"product-type-simple"},"acf":[],"_links":{"self":[{"href":"https:\/\/innocentiemangonipiante.it\/fr\/wp-json\/wp\/v2\/product\/26905","targetHints":{"allow":["GET"]}}],"collection":[{"href":"https:\/\/innocentiemangonipiante.it\/fr\/wp-json\/wp\/v2\/product"}],"about":[{"href":"https:\/\/innocentiemangonipiante.it\/fr\/wp-json\/wp\/v2\/types\/product"}],"wp:featuredmedia":[{"embeddable":true,"href":"https:\/\/innocentiemangonipiante.it\/fr\/wp-json\/wp\/v2\/media\/21801"}],"wp:attachment":[{"href":"https:\/\/innocentiemangonipiante.it\/fr\/wp-json\/wp\/v2\/media?parent=26905"}],"wp:term":[{"taxonomy":"product_brand","embeddable":true,"href":"https:\/\/innocentiemangonipiante.it\/fr\/wp-json\/wp\/v2\/product_brand?post=26905"},{"taxonomy":"product_cat","embeddable":true,"href":"https:\/\/innocentiemangonipiante.it\/fr\/wp-json\/wp\/v2\/product_cat?post=26905"},{"taxonomy":"product_tag","embeddable":true,"href":"https:\/\/innocentiemangonipiante.it\/fr\/wp-json\/wp\/v2\/product_tag?post=26905"}],"curies":[{"name":"wp","href":"https:\/\/api.w.org\/{rel}","templated":true}]}}