{"id":26909,"date":"2023-11-04T00:40:48","date_gmt":"2023-11-03T23:40:48","guid":{"rendered":"http:\/\/innocentiemangonipiante.it\/diospyros-kaki-vaniglia\/"},"modified":"2023-11-06T14:34:40","modified_gmt":"2023-11-06T13:34:40","slug":"diospyros-kaki-vaniglia","status":"publish","type":"product","link":"https:\/\/innocentiemangonipiante.it\/fr\/diospyros-kaki-vaniglia\/","title":{"rendered":"DIOSPYROS KAKI &lsquo;Vaniglia&rsquo;"},"content":{"rendered":"<p>Fruit de taille moyenne, orange clair, croquant, comestible m\u00eame si pas compl\u00e8tement m\u00fbr.<\/p>\n","protected":false},"excerpt":{"rendered":"<p>Fruit de taille moyenne, orange clair, croquant, comestible m\u00eame si pas compl\u00e8tement m\u00fbr.<\/p>\n","protected":false},"featured_media":21820,"template":"","meta":{"_acf_changed":false},"product_brand":[],"product_cat":[8808,9230],"product_tag":[10897],"class_list":{"0":"post-26909","1":"product","2":"type-product","3":"status-publish","4":"has-post-thumbnail","6":"product_cat-fruitiers","7":"product_cat-arbres-et-plantes-du-futur","8":"product_tag-naturelle","9":"pa_altezza-massima-800-fr","10":"pa_altezza-massima-1000-fr-2","11":"pa_colore-fioritura-jaune","12":"pa_famiglia-ebenaceae-fr","13":"pa_genere-diospyros-kaki-fr","14":"pa_origine-italie","15":"pa_periodo-fioritura-juin","16":"pa_periodo-fruttificazione-decembre","17":"pa_periodo-fruttificazione-novembre-fr","18":"pa_periodo-fruttificazione-octobre","19":"pa_portamento-arrondi","20":"pa_resistenza-climatica-moyenne","21":"pa_utilizzo-petits-jardins","23":"first","24":"instock","25":"purchasable","26":"product-type-simple"},"acf":[],"_links":{"self":[{"href":"https:\/\/innocentiemangonipiante.it\/fr\/wp-json\/wp\/v2\/product\/26909","targetHints":{"allow":["GET"]}}],"collection":[{"href":"https:\/\/innocentiemangonipiante.it\/fr\/wp-json\/wp\/v2\/product"}],"about":[{"href":"https:\/\/innocentiemangonipiante.it\/fr\/wp-json\/wp\/v2\/types\/product"}],"wp:featuredmedia":[{"embeddable":true,"href":"https:\/\/innocentiemangonipiante.it\/fr\/wp-json\/wp\/v2\/media\/21820"}],"wp:attachment":[{"href":"https:\/\/innocentiemangonipiante.it\/fr\/wp-json\/wp\/v2\/media?parent=26909"}],"wp:term":[{"taxonomy":"product_brand","embeddable":true,"href":"https:\/\/innocentiemangonipiante.it\/fr\/wp-json\/wp\/v2\/product_brand?post=26909"},{"taxonomy":"product_cat","embeddable":true,"href":"https:\/\/innocentiemangonipiante.it\/fr\/wp-json\/wp\/v2\/product_cat?post=26909"},{"taxonomy":"product_tag","embeddable":true,"href":"https:\/\/innocentiemangonipiante.it\/fr\/wp-json\/wp\/v2\/product_tag?post=26909"}],"curies":[{"name":"wp","href":"https:\/\/api.w.org\/{rel}","templated":true}]}}