{"id":26937,"date":"2023-11-04T00:49:33","date_gmt":"2023-11-03T23:49:33","guid":{"rendered":"http:\/\/innocentiemangonipiante.it\/euonymus-japonicus-euro-2\/"},"modified":"2023-11-06T14:40:07","modified_gmt":"2023-11-06T13:40:07","slug":"euonymus-japonicus-euro","status":"publish","type":"product","link":"https:\/\/innocentiemangonipiante.it\/fr\/euonymus-japonicus-euro\/","title":{"rendered":"EUONYMUS japonicus &lsquo;Euro&rsquo;"},"content":{"rendered":"<p>Petit arbuste persistant qui ressamble au Euonymus japonicus. Feuilles vert fonc\u00e9 mais plus petites de l&rsquo;autre s\u00e9lection. Croissance reguli\u00e8re et compacte.<\/p>\n","protected":false},"excerpt":{"rendered":"<p>Petit arbuste persistant qui ressamble au Euonymus japonicus. Feuilles vert fonc\u00e9 mais plus petites de l&rsquo;autre s\u00e9lection. Croissance reguli\u00e8re et compacte.<\/p>\n","protected":false},"featured_media":21978,"template":"","meta":{"_acf_changed":false},"product_brand":[],"product_cat":[8817],"product_tag":[10897],"class_list":{"0":"post-26937","1":"product","2":"type-product","3":"status-publish","4":"has-post-thumbnail","6":"product_cat-arbres-et-arbustes-persistants","7":"product_tag-naturelle","8":"pa_altezza-massima-100-fr","9":"pa_altezza-massima-150-fr","10":"pa_famiglia-celastraceae-fr","11":"pa_genere-euonymus-fr","12":"pa_origine-italie","13":"pa_portamento-cespuglioso-fr","14":"pa_resistenza-climatica-moyenne-elevee","15":"pa_resistenza-del-suolo-resistant-aux-sols-secs","16":"pa_salinita-resistance-a-la-salinisation","17":"pa_utilizzo-balcons","18":"pa_utilizzo-bordures","19":"pa_utilizzo-haies","20":"pa_utilizzo-petits-jardins","22":"first","23":"instock","24":"purchasable","25":"product-type-simple"},"acf":[],"_links":{"self":[{"href":"https:\/\/innocentiemangonipiante.it\/fr\/wp-json\/wp\/v2\/product\/26937","targetHints":{"allow":["GET"]}}],"collection":[{"href":"https:\/\/innocentiemangonipiante.it\/fr\/wp-json\/wp\/v2\/product"}],"about":[{"href":"https:\/\/innocentiemangonipiante.it\/fr\/wp-json\/wp\/v2\/types\/product"}],"wp:featuredmedia":[{"embeddable":true,"href":"https:\/\/innocentiemangonipiante.it\/fr\/wp-json\/wp\/v2\/media\/21978"}],"wp:attachment":[{"href":"https:\/\/innocentiemangonipiante.it\/fr\/wp-json\/wp\/v2\/media?parent=26937"}],"wp:term":[{"taxonomy":"product_brand","embeddable":true,"href":"https:\/\/innocentiemangonipiante.it\/fr\/wp-json\/wp\/v2\/product_brand?post=26937"},{"taxonomy":"product_cat","embeddable":true,"href":"https:\/\/innocentiemangonipiante.it\/fr\/wp-json\/wp\/v2\/product_cat?post=26937"},{"taxonomy":"product_tag","embeddable":true,"href":"https:\/\/innocentiemangonipiante.it\/fr\/wp-json\/wp\/v2\/product_tag?post=26937"}],"curies":[{"name":"wp","href":"https:\/\/api.w.org\/{rel}","templated":true}]}}