{"id":26941,"date":"2023-11-04T00:50:26","date_gmt":"2023-11-03T23:50:26","guid":{"rendered":"http:\/\/innocentiemangonipiante.it\/euonymus-japonicus-president-gauthier\/"},"modified":"2023-11-06T14:40:37","modified_gmt":"2023-11-06T13:40:37","slug":"euonymus-japonicus-president-gauthier","status":"publish","type":"product","link":"https:\/\/innocentiemangonipiante.it\/fr\/euonymus-japonicus-president-gauthier\/","title":{"rendered":"EUONYMUS japonicus &lsquo;President Gauthier&rsquo;"},"content":{"rendered":"<p>Arbuste persistant au port \u00e9rig\u00e9, dense et compact. Les feuilles de 3 \u00e0 4 cm, sont oppos\u00e9es, ovo\u00efdes et vont du vert au vert clair avec de larges bords blanc cr\u00e8me.<\/p>\n","protected":false},"excerpt":{"rendered":"<p>Arbuste persistant au port \u00e9rig\u00e9, dense et compact. Les feuilles de 3 \u00e0 4 cm, sont oppos\u00e9es, ovo\u00efdes et vont du vert au vert clair avec de larges bords blanc cr\u00e8me.<\/p>\n","protected":false},"featured_media":0,"template":"","meta":{"_acf_changed":false},"product_brand":[],"product_cat":[8817],"product_tag":[10897],"class_list":{"0":"post-26941","1":"product","2":"type-product","3":"status-publish","5":"product_cat-arbres-et-arbustes-persistants","6":"product_tag-naturelle","7":"pa_altezza-massima-200-fr","8":"pa_altezza-massima-300-fr-2","9":"pa_colore-delle-foglie-panachees","10":"pa_famiglia-celastraceae-fr","11":"pa_genere-euonymus-fr","12":"pa_origine-asie-orientale","13":"pa_portamento-eretto-fr","14":"pa_resistenza-climatica-moyenne-elevee","15":"pa_resistenza-del-suolo-resistant-aux-sols-calcaires","16":"pa_resistenza-del-suolo-resistant-aux-sols-secs","17":"pa_salinita-resistance-a-la-salinisation","18":"pa_utilizzo-balcons","19":"pa_utilizzo-haies","20":"pa_utilizzo-petits-jardins","22":"first","23":"instock","24":"purchasable","25":"product-type-simple"},"acf":[],"_links":{"self":[{"href":"https:\/\/innocentiemangonipiante.it\/fr\/wp-json\/wp\/v2\/product\/26941","targetHints":{"allow":["GET"]}}],"collection":[{"href":"https:\/\/innocentiemangonipiante.it\/fr\/wp-json\/wp\/v2\/product"}],"about":[{"href":"https:\/\/innocentiemangonipiante.it\/fr\/wp-json\/wp\/v2\/types\/product"}],"wp:attachment":[{"href":"https:\/\/innocentiemangonipiante.it\/fr\/wp-json\/wp\/v2\/media?parent=26941"}],"wp:term":[{"taxonomy":"product_brand","embeddable":true,"href":"https:\/\/innocentiemangonipiante.it\/fr\/wp-json\/wp\/v2\/product_brand?post=26941"},{"taxonomy":"product_cat","embeddable":true,"href":"https:\/\/innocentiemangonipiante.it\/fr\/wp-json\/wp\/v2\/product_cat?post=26941"},{"taxonomy":"product_tag","embeddable":true,"href":"https:\/\/innocentiemangonipiante.it\/fr\/wp-json\/wp\/v2\/product_tag?post=26941"}],"curies":[{"name":"wp","href":"https:\/\/api.w.org\/{rel}","templated":true}]}}