{"id":26965,"date":"2023-11-04T00:56:06","date_gmt":"2023-11-03T23:56:06","guid":{"rendered":"http:\/\/innocentiemangonipiante.it\/ficus-carica-ice-crystal\/"},"modified":"2023-11-06T14:43:37","modified_gmt":"2023-11-06T13:43:37","slug":"ficus-carica-ice-crystal","status":"publish","type":"product","link":"https:\/\/innocentiemangonipiante.it\/fr\/ficus-carica-ice-crystal\/","title":{"rendered":"FICUS CARICA &lsquo;Ice Crystal&rsquo; \u00ae"},"content":{"rendered":"<p>Tr\u00e8s beau feuillage grav\u00e9. Tr\u00e8s r\u00e9sistant aux basses temp\u00e9ratures!<\/p>\n","protected":false},"excerpt":{"rendered":"<p>Tr\u00e8s beau feuillage grav\u00e9. Tr\u00e8s r\u00e9sistant aux basses temp\u00e9ratures!<\/p>\n","protected":false},"featured_media":22101,"template":"","meta":{"_acf_changed":false},"product_brand":[],"product_cat":[8808,9230],"product_tag":[10897,6255],"class_list":{"0":"post-26965","1":"product","2":"type-product","3":"status-publish","4":"has-post-thumbnail","6":"product_cat-fruitiers","7":"product_cat-arbres-et-plantes-du-futur","8":"product_tag-naturelle","9":"product_tag-demi-tige","10":"pa_altezza-massima-300-fr-2","11":"pa_altezza-massima-900-fr","12":"pa_condizionamento-clt-fr","13":"pa_famiglia-moraceae-fr","14":"pa_genere-ficus-carica-fr","15":"pa_origine-france-fr","16":"pa_periodo-fruttificazione-septembre","17":"pa_portamento-arrondi","18":"pa_resistenza-climatica-moyenne","19":"pa_resistenza-del-suolo-resistant-aux-sols-calcaires","20":"pa_resistenza-del-suolo-resistant-aux-sols-secs","21":"pa_utilizzo-parcs","22":"pa_utilizzo-petits-jardins","24":"first","25":"instock","26":"purchasable","27":"product-type-simple"},"acf":[],"_links":{"self":[{"href":"https:\/\/innocentiemangonipiante.it\/fr\/wp-json\/wp\/v2\/product\/26965","targetHints":{"allow":["GET"]}}],"collection":[{"href":"https:\/\/innocentiemangonipiante.it\/fr\/wp-json\/wp\/v2\/product"}],"about":[{"href":"https:\/\/innocentiemangonipiante.it\/fr\/wp-json\/wp\/v2\/types\/product"}],"wp:featuredmedia":[{"embeddable":true,"href":"https:\/\/innocentiemangonipiante.it\/fr\/wp-json\/wp\/v2\/media\/22101"}],"wp:attachment":[{"href":"https:\/\/innocentiemangonipiante.it\/fr\/wp-json\/wp\/v2\/media?parent=26965"}],"wp:term":[{"taxonomy":"product_brand","embeddable":true,"href":"https:\/\/innocentiemangonipiante.it\/fr\/wp-json\/wp\/v2\/product_brand?post=26965"},{"taxonomy":"product_cat","embeddable":true,"href":"https:\/\/innocentiemangonipiante.it\/fr\/wp-json\/wp\/v2\/product_cat?post=26965"},{"taxonomy":"product_tag","embeddable":true,"href":"https:\/\/innocentiemangonipiante.it\/fr\/wp-json\/wp\/v2\/product_tag?post=26965"}],"curies":[{"name":"wp","href":"https:\/\/api.w.org\/{rel}","templated":true}]}}