{"id":26994,"date":"2023-11-04T01:02:12","date_gmt":"2023-11-04T00:02:12","guid":{"rendered":"http:\/\/innocentiemangonipiante.it\/gazania-hybrida\/"},"modified":"2023-11-06T14:46:27","modified_gmt":"2023-11-06T13:46:27","slug":"gazania-hybrida","status":"publish","type":"product","link":"https:\/\/innocentiemangonipiante.it\/fr\/gazania-hybrida\/","title":{"rendered":"GAZANIA hybrida"},"content":{"rendered":"<p>Vivace qui produite des fleurs similaires \u00e0 des grosses marguerites, de couleur jaune et orange qui apparaissent du printemps \u00e0 la fin de l&rsquo;\u00e9t\u00e9.<\/p>\n","protected":false},"excerpt":{"rendered":"<p>Vivace qui produite des fleurs similaires \u00e0 des grosses marguerites, de couleur jaune et orange qui apparaissent du printemps \u00e0 la fin de l&rsquo;\u00e9t\u00e9.<\/p>\n","protected":false},"featured_media":22200,"template":"","meta":{"_acf_changed":false},"product_brand":[],"product_cat":[8828],"product_tag":[10897],"class_list":{"0":"post-26994","1":"product","2":"type-product","3":"status-publish","4":"has-post-thumbnail","6":"product_cat-herbes-vivaces","7":"product_tag-naturelle","8":"pa_altezza-massima-0_15-metres","9":"pa_altezza-massima-0_40-metres","10":"pa_colore-fioritura-jaune","11":"pa_condizionamento-clt-fr","12":"pa_famiglia-asteraceae-compositae-fr","13":"pa_genere-gazania-fr","14":"pa_origine-afrique-du-sud","15":"pa_periodo-fioritura-aout","16":"pa_periodo-fioritura-juillet","17":"pa_periodo-fioritura-juin","18":"pa_periodo-fioritura-mai","19":"pa_portamento-eretto-fr","20":"pa_resistenza-climatica-moyenne","21":"pa_resistenza-del-suolo-resistant-aux-sols-calcaires","22":"pa_resistenza-del-suolo-resistant-aux-sols-secs","23":"pa_salinita-resistance-a-la-salinisation","24":"pa_utilizzo-balcons","25":"pa_utilizzo-bordures","26":"pa_utilizzo-petits-jardins","28":"first","29":"instock","30":"purchasable","31":"product-type-simple"},"acf":[],"_links":{"self":[{"href":"https:\/\/innocentiemangonipiante.it\/fr\/wp-json\/wp\/v2\/product\/26994","targetHints":{"allow":["GET"]}}],"collection":[{"href":"https:\/\/innocentiemangonipiante.it\/fr\/wp-json\/wp\/v2\/product"}],"about":[{"href":"https:\/\/innocentiemangonipiante.it\/fr\/wp-json\/wp\/v2\/types\/product"}],"wp:featuredmedia":[{"embeddable":true,"href":"https:\/\/innocentiemangonipiante.it\/fr\/wp-json\/wp\/v2\/media\/22200"}],"wp:attachment":[{"href":"https:\/\/innocentiemangonipiante.it\/fr\/wp-json\/wp\/v2\/media?parent=26994"}],"wp:term":[{"taxonomy":"product_brand","embeddable":true,"href":"https:\/\/innocentiemangonipiante.it\/fr\/wp-json\/wp\/v2\/product_brand?post=26994"},{"taxonomy":"product_cat","embeddable":true,"href":"https:\/\/innocentiemangonipiante.it\/fr\/wp-json\/wp\/v2\/product_cat?post=26994"},{"taxonomy":"product_tag","embeddable":true,"href":"https:\/\/innocentiemangonipiante.it\/fr\/wp-json\/wp\/v2\/product_tag?post=26994"}],"curies":[{"name":"wp","href":"https:\/\/api.w.org\/{rel}","templated":true}]}}