{"id":27000,"date":"2023-11-04T01:03:17","date_gmt":"2023-11-04T00:03:17","guid":{"rendered":"http:\/\/innocentiemangonipiante.it\/ginkgo-biloba-fastigiata\/"},"modified":"2023-11-06T14:46:59","modified_gmt":"2023-11-06T13:46:59","slug":"ginkgo-biloba-fastigiata","status":"publish","type":"product","link":"https:\/\/innocentiemangonipiante.it\/fr\/ginkgo-biloba-fastigiata\/","title":{"rendered":"GINKGO biloba &lsquo;Fastigiata&rsquo;"},"content":{"rendered":"<p>S\u00e9lection au port colonnaire, fastigi\u00e9 avec ramification ascendante, touffue. Feuillage vert de couleur dor\u00e9 en automne.<\/p>\n","protected":false},"excerpt":{"rendered":"<p>S\u00e9lection au port colonnaire, fastigi\u00e9 avec ramification ascendante, touffue. Feuillage vert de couleur dor\u00e9 en automne.<\/p>\n","protected":false},"featured_media":44828,"template":"","meta":{"_acf_changed":false},"product_brand":[],"product_cat":[8824,9230],"product_tag":[10897],"class_list":{"0":"post-27000","1":"product","2":"type-product","3":"status-publish","4":"has-post-thumbnail","6":"product_cat-coniferes","7":"product_cat-arbres-et-plantes-du-futur","8":"product_tag-naturelle","9":"pa_altezza-massima-1000-fr-2","10":"pa_altezza-massima-15-metres","11":"pa_famiglia-ginkgoaceae-fr","12":"pa_genere-ginkgo-fr","13":"pa_inquinamento-resistance-a-la-pollution","14":"pa_origine-europe-fr","15":"pa_portamento-de-colonne","16":"pa_resistenza-climatica-tres-elevee","17":"pa_resistenza-del-suolo-resistant-aux-sols-calcaires","18":"pa_utilizzo-parcs","20":"first","21":"instock","22":"purchasable","23":"product-type-simple"},"acf":[],"_links":{"self":[{"href":"https:\/\/innocentiemangonipiante.it\/fr\/wp-json\/wp\/v2\/product\/27000","targetHints":{"allow":["GET"]}}],"collection":[{"href":"https:\/\/innocentiemangonipiante.it\/fr\/wp-json\/wp\/v2\/product"}],"about":[{"href":"https:\/\/innocentiemangonipiante.it\/fr\/wp-json\/wp\/v2\/types\/product"}],"wp:featuredmedia":[{"embeddable":true,"href":"https:\/\/innocentiemangonipiante.it\/fr\/wp-json\/wp\/v2\/media\/44828"}],"wp:attachment":[{"href":"https:\/\/innocentiemangonipiante.it\/fr\/wp-json\/wp\/v2\/media?parent=27000"}],"wp:term":[{"taxonomy":"product_brand","embeddable":true,"href":"https:\/\/innocentiemangonipiante.it\/fr\/wp-json\/wp\/v2\/product_brand?post=27000"},{"taxonomy":"product_cat","embeddable":true,"href":"https:\/\/innocentiemangonipiante.it\/fr\/wp-json\/wp\/v2\/product_cat?post=27000"},{"taxonomy":"product_tag","embeddable":true,"href":"https:\/\/innocentiemangonipiante.it\/fr\/wp-json\/wp\/v2\/product_tag?post=27000"}],"curies":[{"name":"wp","href":"https:\/\/api.w.org\/{rel}","templated":true}]}}