{"id":27007,"date":"2023-11-04T01:04:41","date_gmt":"2023-11-04T00:04:41","guid":{"rendered":"http:\/\/innocentiemangonipiante.it\/gleditsia-triacanthos-sunburst-2\/"},"modified":"2023-11-06T14:47:35","modified_gmt":"2023-11-06T13:47:35","slug":"gleditsia-triacanthos-sunburst","status":"publish","type":"product","link":"https:\/\/innocentiemangonipiante.it\/fr\/gleditsia-triacanthos-sunburst\/","title":{"rendered":"GLEDITSIA triacanthos &lsquo;Sunburst&rsquo; \u00ae"},"content":{"rendered":"<p>Petit arbre \u00e0 feuille caduque au port largement conique. L\u2019\u00e9corce est de couleur gris-vert luisant. L\u2019extr\u00e9mit\u00e9 des branches, qui ne portent pas d\u2019\u00e9pines, est de couleur jaune d\u2019or. Les feuilles altern\u00e9es, bipenn\u00e9es, compos\u00e9es chacune de 20 \u00e0 30 folioles, allong\u00e9es et pointues, sont d\u2019une longueur de 2 \u00e0 3 cm et d\u2019une couleur jaune dor\u00e9.<\/p>\n","protected":false},"excerpt":{"rendered":"<p>Petit arbre \u00e0 feuille caduque au port largement conique. L\u2019\u00e9corce est de couleur gris-vert luisant. L\u2019extr\u00e9mit\u00e9 des branches, qui ne portent pas d\u2019\u00e9pines, est de couleur jaune d\u2019or. Les feuilles altern\u00e9es, bipenn\u00e9es, compos\u00e9es chacune de 20 \u00e0 30 folioles, allong\u00e9es et pointues, sont d\u2019une longueur de 2 \u00e0 3 cm et d\u2019une couleur jaune dor\u00e9.<\/p>\n","protected":false},"featured_media":22248,"template":"","meta":{"_acf_changed":false},"product_brand":[],"product_cat":[8812,9230],"product_tag":[10897,10900,8400],"class_list":{"0":"post-27007","1":"product","2":"type-product","3":"status-publish","4":"has-post-thumbnail","6":"product_cat-arbres-et-arbustes-a-feuilles-caduques","7":"product_cat-arbres-et-plantes-du-futur","8":"product_tag-naturelle","9":"product_tag-tbb-fr-2","10":"product_tag-tige","11":"pa_altezza-massima-800-fr","12":"pa_altezza-massima-12-metres","13":"pa_condizionamento-clt-fr","14":"pa_condizionamento-motte","15":"pa_famiglia-leguminosae-fr","16":"pa_genere-gleditsia-fr","17":"pa_inquinamento-resistance-a-la-pollution","18":"pa_origine-origine-delle-piante-u-s-a","19":"pa_portamento-piramidale-fr","20":"pa_resistenza-climatica-tres-elevee","21":"pa_resistenza-del-suolo-resistant-aux-sols-calcaires","22":"pa_resistenza-del-suolo-resistant-aux-sols-pauvres","23":"pa_resistenza-del-suolo-resistant-aux-sols-secs","24":"pa_salinita-resistance-a-la-salinisation","25":"pa_utilizzo-parcs","27":"first","28":"instock","29":"purchasable","30":"product-type-simple"},"acf":[],"_links":{"self":[{"href":"https:\/\/innocentiemangonipiante.it\/fr\/wp-json\/wp\/v2\/product\/27007","targetHints":{"allow":["GET"]}}],"collection":[{"href":"https:\/\/innocentiemangonipiante.it\/fr\/wp-json\/wp\/v2\/product"}],"about":[{"href":"https:\/\/innocentiemangonipiante.it\/fr\/wp-json\/wp\/v2\/types\/product"}],"wp:featuredmedia":[{"embeddable":true,"href":"https:\/\/innocentiemangonipiante.it\/fr\/wp-json\/wp\/v2\/media\/22248"}],"wp:attachment":[{"href":"https:\/\/innocentiemangonipiante.it\/fr\/wp-json\/wp\/v2\/media?parent=27007"}],"wp:term":[{"taxonomy":"product_brand","embeddable":true,"href":"https:\/\/innocentiemangonipiante.it\/fr\/wp-json\/wp\/v2\/product_brand?post=27007"},{"taxonomy":"product_cat","embeddable":true,"href":"https:\/\/innocentiemangonipiante.it\/fr\/wp-json\/wp\/v2\/product_cat?post=27007"},{"taxonomy":"product_tag","embeddable":true,"href":"https:\/\/innocentiemangonipiante.it\/fr\/wp-json\/wp\/v2\/product_tag?post=27007"}],"curies":[{"name":"wp","href":"https:\/\/api.w.org\/{rel}","templated":true}]}}