{"id":27056,"date":"2023-11-04T01:11:41","date_gmt":"2023-11-04T00:11:41","guid":{"rendered":"http:\/\/innocentiemangonipiante.it\/hibiscus-syriacus-resi\/"},"modified":"2023-11-06T14:51:31","modified_gmt":"2023-11-06T13:51:31","slug":"hibiscus-syriacus-resi","status":"publish","type":"product","link":"https:\/\/innocentiemangonipiante.it\/fr\/hibiscus-syriacus-resi\/","title":{"rendered":"HIBISCUS syriacus &lsquo;Resi&rsquo;"},"content":{"rendered":"<p>S\u00e9lection rustique de Hibiscus, avec croissance rapide et d\u00e9veloppement jusqu\u2019\u00e0 5 m\u00e8tres. La fleur est tr\u00e8s grande de couleur violet et apparait de juillet \u00e0 octobre.<\/p>\n","protected":false},"excerpt":{"rendered":"<p>S\u00e9lection rustique de Hibiscus, avec croissance rapide et d\u00e9veloppement jusqu\u2019\u00e0 5 m\u00e8tres. La fleur est tr\u00e8s grande de couleur violet et apparait de juillet \u00e0 octobre.<\/p>\n","protected":false},"featured_media":45166,"template":"","meta":{"_acf_changed":false},"product_brand":[],"product_cat":[8812,9230],"product_tag":[10897],"class_list":{"0":"post-27056","1":"product","2":"type-product","3":"status-publish","4":"has-post-thumbnail","6":"product_cat-arbres-et-arbustes-a-feuilles-caduques","7":"product_cat-arbres-et-plantes-du-futur","8":"product_tag-naturelle","9":"pa_altezza-massima-300-fr-2","10":"pa_altezza-massima-500-fr","11":"pa_colore-fioritura-violet-fr","12":"pa_famiglia-malvaceae-fr","13":"pa_genere-hibiscus-fr","14":"pa_origine-europe-fr","15":"pa_periodo-fioritura-aout","16":"pa_periodo-fioritura-juillet","17":"pa_periodo-fioritura-octobre","18":"pa_periodo-fioritura-septembre","19":"pa_portamento-eretto-fr","20":"pa_resistenza-climatica-tres-elevee","21":"pa_resistenza-del-suolo-resistant-aux-sols-calcaires","22":"pa_utilizzo-parcs","23":"pa_utilizzo-petits-jardins","25":"first","26":"instock","27":"purchasable","28":"product-type-simple"},"acf":[],"_links":{"self":[{"href":"https:\/\/innocentiemangonipiante.it\/fr\/wp-json\/wp\/v2\/product\/27056","targetHints":{"allow":["GET"]}}],"collection":[{"href":"https:\/\/innocentiemangonipiante.it\/fr\/wp-json\/wp\/v2\/product"}],"about":[{"href":"https:\/\/innocentiemangonipiante.it\/fr\/wp-json\/wp\/v2\/types\/product"}],"wp:featuredmedia":[{"embeddable":true,"href":"https:\/\/innocentiemangonipiante.it\/fr\/wp-json\/wp\/v2\/media\/45166"}],"wp:attachment":[{"href":"https:\/\/innocentiemangonipiante.it\/fr\/wp-json\/wp\/v2\/media?parent=27056"}],"wp:term":[{"taxonomy":"product_brand","embeddable":true,"href":"https:\/\/innocentiemangonipiante.it\/fr\/wp-json\/wp\/v2\/product_brand?post=27056"},{"taxonomy":"product_cat","embeddable":true,"href":"https:\/\/innocentiemangonipiante.it\/fr\/wp-json\/wp\/v2\/product_cat?post=27056"},{"taxonomy":"product_tag","embeddable":true,"href":"https:\/\/innocentiemangonipiante.it\/fr\/wp-json\/wp\/v2\/product_tag?post=27056"}],"curies":[{"name":"wp","href":"https:\/\/api.w.org\/{rel}","templated":true}]}}