{"id":27079,"date":"2023-11-04T01:17:00","date_gmt":"2023-11-04T00:17:00","guid":{"rendered":"http:\/\/innocentiemangonipiante.it\/ilex-aquifolium-3\/"},"modified":"2023-11-06T14:54:16","modified_gmt":"2023-11-06T13:54:16","slug":"ilex-aquifolium","status":"publish","type":"product","link":"https:\/\/innocentiemangonipiante.it\/fr\/ilex-aquifolium\/","title":{"rendered":"ILEX aquifolium"},"content":{"rendered":"<p>\u2018\u2018Houx vert\u2019\u2019. Arbuste ou arbre persistant, en g\u00e9n\u00e9ral \u00e9rig\u00e9, dense. Les feuilles sont de couleur vert fonc\u00e9, elliptiques ou ov\u00e9es, brillantes, d\u2019une longueur de 5 \u00e0 10 cm avec des bords entiers ondul\u00e9s et \u00e9pineux.<\/p>\n","protected":false},"excerpt":{"rendered":"<p>\u2018\u2018Houx vert\u2019\u2019. Arbuste ou arbre persistant, en g\u00e9n\u00e9ral \u00e9rig\u00e9, dense. Les feuilles sont de couleur vert fonc\u00e9, elliptiques ou ov\u00e9es, brillantes, d\u2019une longueur de 5 \u00e0 10 cm avec des bords entiers ondul\u00e9s et \u00e9pineux.<\/p>\n","protected":false},"featured_media":22545,"template":"","meta":{"_acf_changed":false},"product_brand":[],"product_cat":[8817],"product_tag":[10897],"class_list":{"0":"post-27079","1":"product","2":"type-product","3":"status-publish","4":"has-post-thumbnail","6":"product_cat-arbres-et-arbustes-persistants","7":"product_tag-naturelle","8":"pa_altezza-massima-1000-fr-2","9":"pa_altezza-massima-15-metres","10":"pa_colore-fioritura-blanc","11":"pa_famiglia-aquifoliaceae-fr","12":"pa_genere-ilex-fr","13":"pa_inquinamento-resistance-a-la-pollution","14":"pa_origine-europe-mediterraneenne","15":"pa_periodo-fioritura-octobre","16":"pa_periodo-fioritura-septembre","17":"pa_periodo-fruttificazione-decembre","18":"pa_periodo-fruttificazione-novembre-fr","19":"pa_portamento-conico-fr","20":"pa_resistenza-climatica-tres-elevee","21":"pa_salinita-resistance-a-la-salinisation","22":"pa_utilizzo-balcons","23":"pa_utilizzo-haies","24":"pa_utilizzo-parcs","25":"pa_utilizzo-petits-jardins","27":"first","28":"instock","29":"purchasable","30":"product-type-simple"},"acf":[],"_links":{"self":[{"href":"https:\/\/innocentiemangonipiante.it\/fr\/wp-json\/wp\/v2\/product\/27079","targetHints":{"allow":["GET"]}}],"collection":[{"href":"https:\/\/innocentiemangonipiante.it\/fr\/wp-json\/wp\/v2\/product"}],"about":[{"href":"https:\/\/innocentiemangonipiante.it\/fr\/wp-json\/wp\/v2\/types\/product"}],"wp:featuredmedia":[{"embeddable":true,"href":"https:\/\/innocentiemangonipiante.it\/fr\/wp-json\/wp\/v2\/media\/22545"}],"wp:attachment":[{"href":"https:\/\/innocentiemangonipiante.it\/fr\/wp-json\/wp\/v2\/media?parent=27079"}],"wp:term":[{"taxonomy":"product_brand","embeddable":true,"href":"https:\/\/innocentiemangonipiante.it\/fr\/wp-json\/wp\/v2\/product_brand?post=27079"},{"taxonomy":"product_cat","embeddable":true,"href":"https:\/\/innocentiemangonipiante.it\/fr\/wp-json\/wp\/v2\/product_cat?post=27079"},{"taxonomy":"product_tag","embeddable":true,"href":"https:\/\/innocentiemangonipiante.it\/fr\/wp-json\/wp\/v2\/product_tag?post=27079"}],"curies":[{"name":"wp","href":"https:\/\/api.w.org\/{rel}","templated":true}]}}