{"id":27080,"date":"2023-11-04T01:17:06","date_gmt":"2023-11-04T00:17:06","guid":{"rendered":"http:\/\/innocentiemangonipiante.it\/ilex-aquifolium-alaska\/"},"modified":"2023-11-06T14:54:19","modified_gmt":"2023-11-06T13:54:19","slug":"ilex-aquifolium-alaska","status":"publish","type":"product","link":"https:\/\/innocentiemangonipiante.it\/fr\/ilex-aquifolium-alaska\/","title":{"rendered":"ILEX aquifolium &lsquo;Alaska&rsquo;"},"content":{"rendered":"<p>Arbuste persistant au port compact. Plante tr\u00e8s rustique et coriace aux feuilles de couleur vert fonc\u00e9, brillantes, d\u2019une longueur de 2 \u00e0 4 cm et aux bords particuli\u00e8rement ondul\u00e9s et \u00e9pineux. Probablement la vari\u00e9t\u00e9 la plus prolifique.<\/p>\n","protected":false},"excerpt":{"rendered":"<p>Arbuste persistant au port compact. Plante tr\u00e8s rustique et coriace aux feuilles de couleur vert fonc\u00e9, brillantes, d\u2019une longueur de 2 \u00e0 4 cm et aux bords particuli\u00e8rement ondul\u00e9s et \u00e9pineux. Probablement la vari\u00e9t\u00e9 la plus prolifique.<\/p>\n","protected":false},"featured_media":22551,"template":"","meta":{"_acf_changed":false},"product_brand":[],"product_cat":[8817],"product_tag":[10897],"class_list":{"0":"post-27080","1":"product","2":"type-product","3":"status-publish","4":"has-post-thumbnail","6":"product_cat-arbres-et-arbustes-persistants","7":"product_tag-naturelle","8":"pa_altezza-massima-400-fr","9":"pa_altezza-massima-600-fr","10":"pa_colore-fioritura-blanc","11":"pa_famiglia-aquifoliaceae-fr","12":"pa_genere-ilex-fr","13":"pa_origine-hollande","14":"pa_periodo-fioritura-octobre","15":"pa_periodo-fioritura-septembre","16":"pa_portamento-arrondi","17":"pa_resistenza-climatica-tres-elevee","18":"pa_salinita-resistance-a-la-salinisation","19":"pa_utilizzo-haies","20":"pa_utilizzo-parcs","21":"pa_utilizzo-petits-jardins","23":"first","24":"instock","25":"purchasable","26":"product-type-simple"},"acf":[],"_links":{"self":[{"href":"https:\/\/innocentiemangonipiante.it\/fr\/wp-json\/wp\/v2\/product\/27080","targetHints":{"allow":["GET"]}}],"collection":[{"href":"https:\/\/innocentiemangonipiante.it\/fr\/wp-json\/wp\/v2\/product"}],"about":[{"href":"https:\/\/innocentiemangonipiante.it\/fr\/wp-json\/wp\/v2\/types\/product"}],"wp:featuredmedia":[{"embeddable":true,"href":"https:\/\/innocentiemangonipiante.it\/fr\/wp-json\/wp\/v2\/media\/22551"}],"wp:attachment":[{"href":"https:\/\/innocentiemangonipiante.it\/fr\/wp-json\/wp\/v2\/media?parent=27080"}],"wp:term":[{"taxonomy":"product_brand","embeddable":true,"href":"https:\/\/innocentiemangonipiante.it\/fr\/wp-json\/wp\/v2\/product_brand?post=27080"},{"taxonomy":"product_cat","embeddable":true,"href":"https:\/\/innocentiemangonipiante.it\/fr\/wp-json\/wp\/v2\/product_cat?post=27080"},{"taxonomy":"product_tag","embeddable":true,"href":"https:\/\/innocentiemangonipiante.it\/fr\/wp-json\/wp\/v2\/product_tag?post=27080"}],"curies":[{"name":"wp","href":"https:\/\/api.w.org\/{rel}","templated":true}]}}