{"id":27097,"date":"2023-11-04T01:20:10","date_gmt":"2023-11-04T00:20:10","guid":{"rendered":"http:\/\/innocentiemangonipiante.it\/ilex-x-altaclerensis-golden-king-2\/"},"modified":"2023-11-06T14:56:20","modified_gmt":"2023-11-06T13:56:20","slug":"ilex-x-altaclerensis-golden-king","status":"publish","type":"product","link":"https:\/\/innocentiemangonipiante.it\/fr\/ilex-x-altaclerensis-golden-king\/","title":{"rendered":"ILEX x altaclerensis &lsquo;Golden King&rsquo;"},"content":{"rendered":"<p>Arbuste femelle, compact, aux feuilles oblongues \u00e0 ov\u00e9es, dentel\u00e9es avec quelques \u00e9pines peu piquantes tachet\u00e9es de vert au centre et de larges bords de couleur or fonc\u00e9. Excellente fructification.<\/p>\n","protected":false},"excerpt":{"rendered":"<p>Arbuste femelle, compact, aux feuilles oblongues \u00e0 ov\u00e9es, dentel\u00e9es avec quelques \u00e9pines peu piquantes tachet\u00e9es de vert au centre et de larges bords de couleur or fonc\u00e9. Excellente fructification.<\/p>\n","protected":false},"featured_media":22633,"template":"","meta":{"_acf_changed":false},"product_brand":[],"product_cat":[8817],"product_tag":[10897],"class_list":{"0":"post-27097","1":"product","2":"type-product","3":"status-publish","4":"has-post-thumbnail","6":"product_cat-arbres-et-arbustes-persistants","7":"product_tag-naturelle","8":"pa_altezza-massima-400-fr","9":"pa_altezza-massima-600-fr","10":"pa_colore-fioritura-blanc","11":"pa_famiglia-aquifoliaceae-fr","12":"pa_genere-ilex-fr","13":"pa_origine-hollande","14":"pa_periodo-fioritura-novembre-fr","15":"pa_periodo-fioritura-octobre","16":"pa_periodo-fruttificazione-decembre","17":"pa_periodo-fruttificazione-novembre-fr","18":"pa_portamento-conico-fr","19":"pa_resistenza-climatica-tres-elevee","20":"pa_salinita-resistance-a-la-salinisation","21":"pa_utilizzo-parcs","22":"pa_utilizzo-petits-jardins","24":"first","25":"instock","26":"purchasable","27":"product-type-simple"},"acf":[],"_links":{"self":[{"href":"https:\/\/innocentiemangonipiante.it\/fr\/wp-json\/wp\/v2\/product\/27097","targetHints":{"allow":["GET"]}}],"collection":[{"href":"https:\/\/innocentiemangonipiante.it\/fr\/wp-json\/wp\/v2\/product"}],"about":[{"href":"https:\/\/innocentiemangonipiante.it\/fr\/wp-json\/wp\/v2\/types\/product"}],"wp:featuredmedia":[{"embeddable":true,"href":"https:\/\/innocentiemangonipiante.it\/fr\/wp-json\/wp\/v2\/media\/22633"}],"wp:attachment":[{"href":"https:\/\/innocentiemangonipiante.it\/fr\/wp-json\/wp\/v2\/media?parent=27097"}],"wp:term":[{"taxonomy":"product_brand","embeddable":true,"href":"https:\/\/innocentiemangonipiante.it\/fr\/wp-json\/wp\/v2\/product_brand?post=27097"},{"taxonomy":"product_cat","embeddable":true,"href":"https:\/\/innocentiemangonipiante.it\/fr\/wp-json\/wp\/v2\/product_cat?post=27097"},{"taxonomy":"product_tag","embeddable":true,"href":"https:\/\/innocentiemangonipiante.it\/fr\/wp-json\/wp\/v2\/product_tag?post=27097"}],"curies":[{"name":"wp","href":"https:\/\/api.w.org\/{rel}","templated":true}]}}