{"id":27099,"date":"2023-11-04T01:20:34","date_gmt":"2023-11-04T00:20:34","guid":{"rendered":"http:\/\/innocentiemangonipiante.it\/imperata-cylindrica-red-baron\/"},"modified":"2023-11-06T14:56:41","modified_gmt":"2023-11-06T13:56:41","slug":"imperata-cylindrica-red-baron","status":"publish","type":"product","link":"https:\/\/innocentiemangonipiante.it\/fr\/imperata-cylindrica-red-baron\/","title":{"rendered":"IMPERATA cylindrica &lsquo;Red Baron&rsquo;"},"content":{"rendered":"<p>Vivace \u00e0 croissance lente avec feuilles aplaties, lin\u00e9aires, longues jusqu\u2019\u00e0 50 cm qui virent rapidement au rouge sang. \u00c0 la fin de l\u2019\u00e9t\u00e9 il produit des \u00e9pis de couleur blanc argent\u00e9, jusqu\u2019\u00e0 4,5 cm de longueur.<\/p>\n","protected":false},"excerpt":{"rendered":"<p>Vivace \u00e0 croissance lente avec feuilles aplaties, lin\u00e9aires, longues jusqu\u2019\u00e0 50 cm qui virent rapidement au rouge sang. \u00c0 la fin de l\u2019\u00e9t\u00e9 il produit des \u00e9pis de couleur blanc argent\u00e9, jusqu\u2019\u00e0 4,5 cm de longueur.<\/p>\n","protected":false},"featured_media":22640,"template":"","meta":{"_acf_changed":false},"product_brand":[],"product_cat":[8828],"product_tag":[10897],"class_list":{"0":"post-27099","1":"product","2":"type-product","3":"status-publish","4":"has-post-thumbnail","6":"product_cat-herbes-vivaces","7":"product_tag-naturelle","8":"pa_altezza-massima-0_15-metres","9":"pa_altezza-massima-0_40-metres","10":"pa_colore-fioritura-blanc","11":"pa_condizionamento-clt-fr","12":"pa_famiglia-poaceae-fr","13":"pa_genere-imperata-fr","14":"pa_origine-japon","15":"pa_periodo-fioritura-juillet","16":"pa_periodo-fioritura-juin","17":"pa_portamento-eretto-fr","18":"pa_resistenza-climatica-moyenne","19":"pa_utilizzo-bordures","20":"pa_utilizzo-petits-jardins","22":"first","23":"instock","24":"purchasable","25":"product-type-simple"},"acf":[],"_links":{"self":[{"href":"https:\/\/innocentiemangonipiante.it\/fr\/wp-json\/wp\/v2\/product\/27099","targetHints":{"allow":["GET"]}}],"collection":[{"href":"https:\/\/innocentiemangonipiante.it\/fr\/wp-json\/wp\/v2\/product"}],"about":[{"href":"https:\/\/innocentiemangonipiante.it\/fr\/wp-json\/wp\/v2\/types\/product"}],"wp:featuredmedia":[{"embeddable":true,"href":"https:\/\/innocentiemangonipiante.it\/fr\/wp-json\/wp\/v2\/media\/22640"}],"wp:attachment":[{"href":"https:\/\/innocentiemangonipiante.it\/fr\/wp-json\/wp\/v2\/media?parent=27099"}],"wp:term":[{"taxonomy":"product_brand","embeddable":true,"href":"https:\/\/innocentiemangonipiante.it\/fr\/wp-json\/wp\/v2\/product_brand?post=27099"},{"taxonomy":"product_cat","embeddable":true,"href":"https:\/\/innocentiemangonipiante.it\/fr\/wp-json\/wp\/v2\/product_cat?post=27099"},{"taxonomy":"product_tag","embeddable":true,"href":"https:\/\/innocentiemangonipiante.it\/fr\/wp-json\/wp\/v2\/product_tag?post=27099"}],"curies":[{"name":"wp","href":"https:\/\/api.w.org\/{rel}","templated":true}]}}