{"id":27105,"date":"2023-11-04T01:21:10","date_gmt":"2023-11-04T00:21:10","guid":{"rendered":"http:\/\/innocentiemangonipiante.it\/jacaranda-mimosifolia\/"},"modified":"2023-11-06T14:56:55","modified_gmt":"2023-11-06T13:56:55","slug":"jacaranda-mimosifolia","status":"publish","type":"product","link":"https:\/\/innocentiemangonipiante.it\/fr\/jacaranda-mimosifolia\/","title":{"rendered":"JACARANDA mimosifolia"},"content":{"rendered":"<p>Arbre caduc avec feuilles vert luisant. Spectaculaire floraison \u00e0 partir de d\u00e9but \u00e9t\u00e9 jusqu\u2019\u00e0 l\u2019automne, en \u00e9pis piramidales de couleur bleupourpre brillant.<\/p>\n","protected":false},"excerpt":{"rendered":"<p>Arbre caduc avec feuilles vert luisant. Spectaculaire floraison \u00e0 partir de d\u00e9but \u00e9t\u00e9 jusqu\u2019\u00e0 l\u2019automne, en \u00e9pis piramidales de couleur bleupourpre brillant.<\/p>\n","protected":false},"featured_media":22671,"template":"","meta":{"_acf_changed":false},"product_brand":[],"product_cat":[8812],"product_tag":[10897,8400],"class_list":{"0":"post-27105","1":"product","2":"type-product","3":"status-publish","4":"has-post-thumbnail","6":"product_cat-arbres-et-arbustes-a-feuilles-caduques","7":"product_tag-naturelle","8":"product_tag-tige","9":"pa_altezza-massima-1000-fr-2","10":"pa_altezza-massima-15-metres","11":"pa_colore-fioritura-bleu","12":"pa_condizionamento-clt-fr","13":"pa_famiglia-bignoniaceae-fr","14":"pa_genere-jacaranda-fr","15":"pa_origine-amerique-du-sud","16":"pa_periodo-fioritura-aout","17":"pa_periodo-fioritura-juillet","18":"pa_periodo-fioritura-juin","19":"pa_periodo-fioritura-septembre","20":"pa_portamento-allargato-fr","21":"pa_resistenza-climatica-tres-faible","22":"pa_utilizzo-avenues-fr","23":"pa_utilizzo-parcs","25":"first","26":"instock","27":"purchasable","28":"product-type-simple"},"acf":[],"_links":{"self":[{"href":"https:\/\/innocentiemangonipiante.it\/fr\/wp-json\/wp\/v2\/product\/27105","targetHints":{"allow":["GET"]}}],"collection":[{"href":"https:\/\/innocentiemangonipiante.it\/fr\/wp-json\/wp\/v2\/product"}],"about":[{"href":"https:\/\/innocentiemangonipiante.it\/fr\/wp-json\/wp\/v2\/types\/product"}],"wp:featuredmedia":[{"embeddable":true,"href":"https:\/\/innocentiemangonipiante.it\/fr\/wp-json\/wp\/v2\/media\/22671"}],"wp:attachment":[{"href":"https:\/\/innocentiemangonipiante.it\/fr\/wp-json\/wp\/v2\/media?parent=27105"}],"wp:term":[{"taxonomy":"product_brand","embeddable":true,"href":"https:\/\/innocentiemangonipiante.it\/fr\/wp-json\/wp\/v2\/product_brand?post=27105"},{"taxonomy":"product_cat","embeddable":true,"href":"https:\/\/innocentiemangonipiante.it\/fr\/wp-json\/wp\/v2\/product_cat?post=27105"},{"taxonomy":"product_tag","embeddable":true,"href":"https:\/\/innocentiemangonipiante.it\/fr\/wp-json\/wp\/v2\/product_tag?post=27105"}],"curies":[{"name":"wp","href":"https:\/\/api.w.org\/{rel}","templated":true}]}}