{"id":27114,"date":"2023-11-04T01:23:31","date_gmt":"2023-11-04T00:23:31","guid":{"rendered":"http:\/\/innocentiemangonipiante.it\/juniperus-communis-hibernica-2\/"},"modified":"2023-11-06T14:58:28","modified_gmt":"2023-11-06T13:58:28","slug":"juniperus-communis-hibernica-2","status":"publish","type":"product","link":"https:\/\/innocentiemangonipiante.it\/fr\/juniperus-communis-hibernica-2\/","title":{"rendered":"JUNIPERUS communis &lsquo;Hibernica&rsquo;"},"content":{"rendered":"<p>Conif\u00e8re au port colonnaire et \u00e0 la ramescence erig\u00e9e et tr\u00e8s dense. Le feuillage, l\u00e9g\u00e8rement piquant, est de couleur vert-bleu avec des reflets de couleur argent\u00e9. Atteint une largeur de 1,20 \u00e0 1,50 m.<\/p>\n","protected":false},"excerpt":{"rendered":"<p>Conif\u00e8re au port colonnaire et \u00e0 la ramescence erig\u00e9e et tr\u00e8s dense. Le feuillage, l\u00e9g\u00e8rement piquant, est de couleur vert-bleu avec des reflets de couleur argent\u00e9. Atteint une largeur de 1,20 \u00e0 1,50 m.<\/p>\n","protected":false},"featured_media":22705,"template":"","meta":{"_acf_changed":false},"product_brand":[],"product_cat":[8824,9230],"product_tag":[10897],"class_list":{"0":"post-27114","1":"product","2":"type-product","3":"status-publish","4":"has-post-thumbnail","6":"product_cat-coniferes","7":"product_cat-arbres-et-plantes-du-futur","8":"product_tag-naturelle","9":"pa_altezza-massima-300-fr-2","10":"pa_altezza-massima-500-fr","11":"pa_colore-delle-foglie-bleu","12":"pa_famiglia-cupressaceae-fr","13":"pa_genere-juniperus-fr","14":"pa_inquinamento-resistance-a-la-pollution","15":"pa_origine-irlande","16":"pa_periodo-fruttificazione-octobre","17":"pa_periodo-fruttificazione-septembre","18":"pa_portamento-de-colonne","19":"pa_resistenza-climatica-tres-elevee","20":"pa_resistenza-del-suolo-resistant-aux-sols-calcaires","21":"pa_resistenza-del-suolo-resistant-aux-sols-secs","22":"pa_salinita-resistance-a-la-salinisation","23":"pa_utilizzo-parcs","24":"pa_utilizzo-petits-jardins","26":"first","27":"instock","28":"purchasable","29":"product-type-simple"},"acf":[],"_links":{"self":[{"href":"https:\/\/innocentiemangonipiante.it\/fr\/wp-json\/wp\/v2\/product\/27114","targetHints":{"allow":["GET"]}}],"collection":[{"href":"https:\/\/innocentiemangonipiante.it\/fr\/wp-json\/wp\/v2\/product"}],"about":[{"href":"https:\/\/innocentiemangonipiante.it\/fr\/wp-json\/wp\/v2\/types\/product"}],"wp:featuredmedia":[{"embeddable":true,"href":"https:\/\/innocentiemangonipiante.it\/fr\/wp-json\/wp\/v2\/media\/22705"}],"wp:attachment":[{"href":"https:\/\/innocentiemangonipiante.it\/fr\/wp-json\/wp\/v2\/media?parent=27114"}],"wp:term":[{"taxonomy":"product_brand","embeddable":true,"href":"https:\/\/innocentiemangonipiante.it\/fr\/wp-json\/wp\/v2\/product_brand?post=27114"},{"taxonomy":"product_cat","embeddable":true,"href":"https:\/\/innocentiemangonipiante.it\/fr\/wp-json\/wp\/v2\/product_cat?post=27114"},{"taxonomy":"product_tag","embeddable":true,"href":"https:\/\/innocentiemangonipiante.it\/fr\/wp-json\/wp\/v2\/product_tag?post=27114"}],"curies":[{"name":"wp","href":"https:\/\/api.w.org\/{rel}","templated":true}]}}