{"id":27131,"date":"2023-11-04T01:27:42","date_gmt":"2023-11-04T00:27:42","guid":{"rendered":"http:\/\/innocentiemangonipiante.it\/koelreuteria-paniculata-coral-sun-2\/"},"modified":"2023-11-06T15:00:55","modified_gmt":"2023-11-06T14:00:55","slug":"koelreuteria-paniculata-coral-sun","status":"publish","type":"product","link":"https:\/\/innocentiemangonipiante.it\/fr\/koelreuteria-paniculata-coral-sun\/","title":{"rendered":"KOELREUTERIA paniculata &lsquo;Coral Sun&rsquo; \u00ae"},"content":{"rendered":"<p>S\u00e9lection qui se caract\u00e9rise par une belle coloration corail de la nouvelle v\u00e9g\u00e9tation. Merveilleuse couleur jaune-orange en automne.<\/p>\n","protected":false},"excerpt":{"rendered":"<p>S\u00e9lection qui se caract\u00e9rise par une belle coloration corail de la nouvelle v\u00e9g\u00e9tation. Merveilleuse couleur jaune-orange en automne.<\/p>\n","protected":false},"featured_media":22777,"template":"","meta":{"_acf_changed":false},"product_brand":[],"product_cat":[8812],"product_tag":[10897],"class_list":{"0":"post-27131","1":"product","2":"type-product","3":"status-publish","4":"has-post-thumbnail","6":"product_cat-arbres-et-arbustes-a-feuilles-caduques","7":"product_tag-naturelle","8":"pa_altezza-massima-500-fr","9":"pa_altezza-massima-800-fr","10":"pa_colore-delle-foglie-rouge","11":"pa_colore-fioritura-jaune","12":"pa_famiglia-sapindaceae-fr","13":"pa_genere-koelreuteria-fr","14":"pa_inquinamento-resistance-a-la-pollution","15":"pa_origine-hollande","16":"pa_periodo-fioritura-aout","17":"pa_periodo-fioritura-septembre","18":"pa_portamento-arrondi","19":"pa_resistenza-climatica-tres-elevee","20":"pa_resistenza-del-suolo-resistant-aux-sols-calcaires","21":"pa_resistenza-del-suolo-resistant-aux-sols-secs","22":"pa_utilizzo-parcs","23":"pa_utilizzo-petits-jardins","25":"first","26":"instock","27":"purchasable","28":"product-type-simple"},"acf":[],"_links":{"self":[{"href":"https:\/\/innocentiemangonipiante.it\/fr\/wp-json\/wp\/v2\/product\/27131","targetHints":{"allow":["GET"]}}],"collection":[{"href":"https:\/\/innocentiemangonipiante.it\/fr\/wp-json\/wp\/v2\/product"}],"about":[{"href":"https:\/\/innocentiemangonipiante.it\/fr\/wp-json\/wp\/v2\/types\/product"}],"wp:featuredmedia":[{"embeddable":true,"href":"https:\/\/innocentiemangonipiante.it\/fr\/wp-json\/wp\/v2\/media\/22777"}],"wp:attachment":[{"href":"https:\/\/innocentiemangonipiante.it\/fr\/wp-json\/wp\/v2\/media?parent=27131"}],"wp:term":[{"taxonomy":"product_brand","embeddable":true,"href":"https:\/\/innocentiemangonipiante.it\/fr\/wp-json\/wp\/v2\/product_brand?post=27131"},{"taxonomy":"product_cat","embeddable":true,"href":"https:\/\/innocentiemangonipiante.it\/fr\/wp-json\/wp\/v2\/product_cat?post=27131"},{"taxonomy":"product_tag","embeddable":true,"href":"https:\/\/innocentiemangonipiante.it\/fr\/wp-json\/wp\/v2\/product_tag?post=27131"}],"curies":[{"name":"wp","href":"https:\/\/api.w.org\/{rel}","templated":true}]}}