{"id":27164,"date":"2023-11-04T01:36:54","date_gmt":"2023-11-04T00:36:54","guid":{"rendered":"http:\/\/innocentiemangonipiante.it\/leucothoe-axyllaris-red-lips\/"},"modified":"2023-11-06T15:05:45","modified_gmt":"2023-11-06T14:05:45","slug":"leucothoe-axyllaris-red-lips","status":"publish","type":"product","link":"https:\/\/innocentiemangonipiante.it\/fr\/leucothoe-axyllaris-red-lips\/","title":{"rendered":"LEUCOTHOE axyllaris &lsquo;Red Lips&rsquo;"},"content":{"rendered":"<p>Petit arbuste tr\u00e8s d\u00e8coratif avec jeunes feuilles rouge pourpre, apr\u00e8s vert. En hiver le feuillage se teint de nuances rouge vin. Fleur blanche \u00e0 la fin du printemps, d\u00e9but d\u2019\u00e9t\u00e9.<\/p>\n","protected":false},"excerpt":{"rendered":"<p>Petit arbuste tr\u00e8s d\u00e8coratif avec jeunes feuilles rouge pourpre, apr\u00e8s vert. En hiver le feuillage se teint de nuances rouge vin. Fleur blanche \u00e0 la fin du printemps, d\u00e9but d\u2019\u00e9t\u00e9.<\/p>\n","protected":false},"featured_media":22910,"template":"","meta":{"_acf_changed":false},"product_brand":[],"product_cat":[8817],"product_tag":[10897],"class_list":{"0":"post-27164","1":"product","2":"type-product","3":"status-publish","4":"has-post-thumbnail","6":"product_cat-arbres-et-arbustes-persistants","7":"product_tag-naturelle","8":"pa_altezza-massima-0_30-metres","9":"pa_altezza-massima-0_50-metres","10":"pa_colore-delle-foglie-rouge","11":"pa_colore-fioritura-blanc","12":"pa_famiglia-ericaceae-fr","13":"pa_genere-leucothoe-fr","14":"pa_origine-origine-delle-piante-u-s-a","15":"pa_periodo-fioritura-juin","16":"pa_periodo-fioritura-mai","17":"pa_portamento-eretto-fr","18":"pa_resistenza-climatica-tres-elevee","19":"pa_utilizzo-petits-jardins","21":"first","22":"instock","23":"purchasable","24":"product-type-simple"},"acf":[],"_links":{"self":[{"href":"https:\/\/innocentiemangonipiante.it\/fr\/wp-json\/wp\/v2\/product\/27164","targetHints":{"allow":["GET"]}}],"collection":[{"href":"https:\/\/innocentiemangonipiante.it\/fr\/wp-json\/wp\/v2\/product"}],"about":[{"href":"https:\/\/innocentiemangonipiante.it\/fr\/wp-json\/wp\/v2\/types\/product"}],"wp:featuredmedia":[{"embeddable":true,"href":"https:\/\/innocentiemangonipiante.it\/fr\/wp-json\/wp\/v2\/media\/22910"}],"wp:attachment":[{"href":"https:\/\/innocentiemangonipiante.it\/fr\/wp-json\/wp\/v2\/media?parent=27164"}],"wp:term":[{"taxonomy":"product_brand","embeddable":true,"href":"https:\/\/innocentiemangonipiante.it\/fr\/wp-json\/wp\/v2\/product_brand?post=27164"},{"taxonomy":"product_cat","embeddable":true,"href":"https:\/\/innocentiemangonipiante.it\/fr\/wp-json\/wp\/v2\/product_cat?post=27164"},{"taxonomy":"product_tag","embeddable":true,"href":"https:\/\/innocentiemangonipiante.it\/fr\/wp-json\/wp\/v2\/product_tag?post=27164"}],"curies":[{"name":"wp","href":"https:\/\/api.w.org\/{rel}","templated":true}]}}