{"id":27166,"date":"2023-11-04T01:37:06","date_gmt":"2023-11-04T00:37:06","guid":{"rendered":"http:\/\/innocentiemangonipiante.it\/leucothoe-fontanesiana-rainbow\/"},"modified":"2023-11-06T15:05:50","modified_gmt":"2023-11-06T14:05:50","slug":"leucothoe-fontanesiana-rainbow","status":"publish","type":"product","link":"https:\/\/innocentiemangonipiante.it\/fr\/leucothoe-fontanesiana-rainbow\/","title":{"rendered":"LEUCOTHOE fontanesiana &lsquo;Rainbow&rsquo;"},"content":{"rendered":"<p>Arbuste persistant \u00e9rig\u00e9 aux feuilles lanc\u00e9ol\u00e9es de couleur rouge pourpre fonc\u00e9 jeunes, puis vert fonc\u00e9 et de couleur bronze en hiver. Au printemps, s\u2019\u00e9panouissent de petites fleurs blanches de forme cylindrique.<\/p>\n","protected":false},"excerpt":{"rendered":"<p>Arbuste persistant \u00e9rig\u00e9 aux feuilles lanc\u00e9ol\u00e9es de couleur rouge pourpre fonc\u00e9 jeunes, puis vert fonc\u00e9 et de couleur bronze en hiver. Au printemps, s\u2019\u00e9panouissent de petites fleurs blanches de forme cylindrique.<\/p>\n","protected":false},"featured_media":22922,"template":"","meta":{"_acf_changed":false},"product_brand":[],"product_cat":[8817],"product_tag":[10897],"class_list":{"0":"post-27166","1":"product","2":"type-product","3":"status-publish","4":"has-post-thumbnail","6":"product_cat-arbres-et-arbustes-persistants","7":"product_tag-naturelle","8":"pa_altezza-massima-0_80-metres","9":"pa_altezza-massima-130-fr","10":"pa_colore-fioritura-blanc","11":"pa_famiglia-ericaceae-fr","12":"pa_genere-leucothoe-fr","13":"pa_origine-amerique-du-sud","14":"pa_periodo-fioritura-avril","15":"pa_periodo-fioritura-mai","16":"pa_portamento-eretto-fr","17":"pa_resistenza-climatica-tres-elevee","18":"pa_utilizzo-petits-jardins","20":"first","21":"instock","22":"purchasable","23":"product-type-simple"},"acf":[],"_links":{"self":[{"href":"https:\/\/innocentiemangonipiante.it\/fr\/wp-json\/wp\/v2\/product\/27166","targetHints":{"allow":["GET"]}}],"collection":[{"href":"https:\/\/innocentiemangonipiante.it\/fr\/wp-json\/wp\/v2\/product"}],"about":[{"href":"https:\/\/innocentiemangonipiante.it\/fr\/wp-json\/wp\/v2\/types\/product"}],"wp:featuredmedia":[{"embeddable":true,"href":"https:\/\/innocentiemangonipiante.it\/fr\/wp-json\/wp\/v2\/media\/22922"}],"wp:attachment":[{"href":"https:\/\/innocentiemangonipiante.it\/fr\/wp-json\/wp\/v2\/media?parent=27166"}],"wp:term":[{"taxonomy":"product_brand","embeddable":true,"href":"https:\/\/innocentiemangonipiante.it\/fr\/wp-json\/wp\/v2\/product_brand?post=27166"},{"taxonomy":"product_cat","embeddable":true,"href":"https:\/\/innocentiemangonipiante.it\/fr\/wp-json\/wp\/v2\/product_cat?post=27166"},{"taxonomy":"product_tag","embeddable":true,"href":"https:\/\/innocentiemangonipiante.it\/fr\/wp-json\/wp\/v2\/product_tag?post=27166"}],"curies":[{"name":"wp","href":"https:\/\/api.w.org\/{rel}","templated":true}]}}