{"id":27169,"date":"2023-11-04T01:37:32","date_gmt":"2023-11-04T00:37:32","guid":{"rendered":"http:\/\/innocentiemangonipiante.it\/leymus-arenarius\/"},"modified":"2023-11-06T15:06:00","modified_gmt":"2023-11-06T14:06:00","slug":"leymus-arenarius","status":"publish","type":"product","link":"https:\/\/innocentiemangonipiante.it\/fr\/leymus-arenarius\/","title":{"rendered":"LEYMUS arenarius"},"content":{"rendered":"<p>Gramin\u00e9e buissonneuse avec feuilles lin\u00e9aires de couleur gris-bleue. En \u00e9t\u00e9 apparaissent inflorescences d\u2019abord gris-argent\u00e9es, apr\u00e8s beiges.<\/p>\n","protected":false},"excerpt":{"rendered":"<p>Gramin\u00e9e buissonneuse avec feuilles lin\u00e9aires de couleur gris-bleue. En \u00e9t\u00e9 apparaissent inflorescences d\u2019abord gris-argent\u00e9es, apr\u00e8s beiges.<\/p>\n","protected":false},"featured_media":0,"template":"","meta":{"_acf_changed":false},"product_brand":[],"product_cat":[9788],"product_tag":[10897],"class_list":{"0":"post-27169","1":"product","2":"type-product","3":"status-publish","5":"product_cat-graminees","6":"product_tag-naturelle","7":"pa_altezza-massima-100-fr","8":"pa_altezza-massima-150-fr","9":"pa_colore-delle-foglie-grises","10":"pa_colore-fioritura-azur","11":"pa_condizionamento-clt-fr","12":"pa_famiglia-poaceae-fr","13":"pa_genere-leymus-fr","14":"pa_origine-europe-du-nord-fr-2","15":"pa_periodo-fioritura-aout","16":"pa_periodo-fioritura-juillet","17":"pa_portamento-cespuglioso-fr","18":"pa_resistenza-climatica-tres-elevee","19":"pa_utilizzo-parcs","21":"first","22":"instock","23":"purchasable","24":"product-type-simple"},"acf":[],"_links":{"self":[{"href":"https:\/\/innocentiemangonipiante.it\/fr\/wp-json\/wp\/v2\/product\/27169","targetHints":{"allow":["GET"]}}],"collection":[{"href":"https:\/\/innocentiemangonipiante.it\/fr\/wp-json\/wp\/v2\/product"}],"about":[{"href":"https:\/\/innocentiemangonipiante.it\/fr\/wp-json\/wp\/v2\/types\/product"}],"wp:attachment":[{"href":"https:\/\/innocentiemangonipiante.it\/fr\/wp-json\/wp\/v2\/media?parent=27169"}],"wp:term":[{"taxonomy":"product_brand","embeddable":true,"href":"https:\/\/innocentiemangonipiante.it\/fr\/wp-json\/wp\/v2\/product_brand?post=27169"},{"taxonomy":"product_cat","embeddable":true,"href":"https:\/\/innocentiemangonipiante.it\/fr\/wp-json\/wp\/v2\/product_cat?post=27169"},{"taxonomy":"product_tag","embeddable":true,"href":"https:\/\/innocentiemangonipiante.it\/fr\/wp-json\/wp\/v2\/product_tag?post=27169"}],"curies":[{"name":"wp","href":"https:\/\/api.w.org\/{rel}","templated":true}]}}