{"id":27176,"date":"2023-11-04T01:39:41","date_gmt":"2023-11-04T00:39:41","guid":{"rendered":"http:\/\/innocentiemangonipiante.it\/liquidambar-styraciflua-gum-ball-2\/"},"modified":"2023-11-06T15:07:49","modified_gmt":"2023-11-06T14:07:49","slug":"liquidambar-styraciflua-gum-ball","status":"publish","type":"product","link":"https:\/\/innocentiemangonipiante.it\/fr\/liquidambar-styraciflua-gum-ball\/","title":{"rendered":"LIQUIDAMBAR styraciflua &lsquo;Gum Ball&rsquo;"},"content":{"rendered":"<p>Petit arbre dense et globuleux. Normalement greff\u00e9 sur tige cette vari\u00e9t\u00e9 est adapte aux petits jardins. Belle coloration automnale.<\/p>\n","protected":false},"excerpt":{"rendered":"<p>Petit arbre dense et globuleux. Normalement greff\u00e9 sur tige cette vari\u00e9t\u00e9 est adapte aux petits jardins. Belle coloration automnale.<\/p>\n","protected":false},"featured_media":22957,"template":"","meta":{"_acf_changed":false},"product_brand":[],"product_cat":[8812],"product_tag":[10897,6265,6255,6263,8735,8400],"class_list":{"0":"post-27176","1":"product","2":"type-product","3":"status-publish","4":"has-post-thumbnail","6":"product_cat-arbres-et-arbustes-a-feuilles-caduques","7":"product_tag-naturelle","8":"product_tag-boule","9":"product_tag-demi-tige","10":"product_tag-pompons-fr","11":"product_tag-quart-de-tige","12":"product_tag-tige","13":"pa_altezza-massima-300-fr-2","14":"pa_altezza-massima-500-fr","15":"pa_arte-topiaria-disponible-plante-en-forme","16":"pa_colore-fioritura-blanc","17":"pa_condizionamento-clt-fr","18":"pa_condizionamento-motte","19":"pa_famiglia-hamamelidaceae-fr","20":"pa_genere-liquidambar-fr","21":"pa_origine-origine-delle-piante-u-s-a","22":"pa_periodo-fioritura-avril","23":"pa_portamento-arrondi","24":"pa_resistenza-climatica-tres-elevee","25":"pa_resistenza-del-suolo-resistant-au-sol-humide","26":"pa_resistenza-del-suolo-resistant-aux-sols-calcaires","27":"pa_utilizzo-petits-jardins","29":"first","30":"instock","31":"purchasable","32":"product-type-simple"},"acf":[],"_links":{"self":[{"href":"https:\/\/innocentiemangonipiante.it\/fr\/wp-json\/wp\/v2\/product\/27176","targetHints":{"allow":["GET"]}}],"collection":[{"href":"https:\/\/innocentiemangonipiante.it\/fr\/wp-json\/wp\/v2\/product"}],"about":[{"href":"https:\/\/innocentiemangonipiante.it\/fr\/wp-json\/wp\/v2\/types\/product"}],"wp:featuredmedia":[{"embeddable":true,"href":"https:\/\/innocentiemangonipiante.it\/fr\/wp-json\/wp\/v2\/media\/22957"}],"wp:attachment":[{"href":"https:\/\/innocentiemangonipiante.it\/fr\/wp-json\/wp\/v2\/media?parent=27176"}],"wp:term":[{"taxonomy":"product_brand","embeddable":true,"href":"https:\/\/innocentiemangonipiante.it\/fr\/wp-json\/wp\/v2\/product_brand?post=27176"},{"taxonomy":"product_cat","embeddable":true,"href":"https:\/\/innocentiemangonipiante.it\/fr\/wp-json\/wp\/v2\/product_cat?post=27176"},{"taxonomy":"product_tag","embeddable":true,"href":"https:\/\/innocentiemangonipiante.it\/fr\/wp-json\/wp\/v2\/product_tag?post=27176"}],"curies":[{"name":"wp","href":"https:\/\/api.w.org\/{rel}","templated":true}]}}