{"id":27180,"date":"2023-11-04T01:40:35","date_gmt":"2023-11-04T00:40:35","guid":{"rendered":"http:\/\/innocentiemangonipiante.it\/liquidambar-styraciflua-slender-silhouette-2\/"},"modified":"2023-11-06T15:08:15","modified_gmt":"2023-11-06T14:08:15","slug":"liquidambar-styraciflua-slender-silhouette","status":"publish","type":"product","link":"https:\/\/innocentiemangonipiante.it\/fr\/liquidambar-styraciflua-slender-silhouette\/","title":{"rendered":"LIQUIDAMBAR styraciflua &lsquo;Slender Silhouette&rsquo;"},"content":{"rendered":"<p>Arbre vraiment \u00e9troit, tr\u00e8s adapte pour petits jardins ou boulevards \u00e9troits. Feuillage profond\u00e9ment lob\u00e9 de couleur vert fonc\u00e9 qui se teint d\u2019un rouge\/lie-de-vin \u00e0 l\u2019automne.<\/p>\n","protected":false},"excerpt":{"rendered":"<p>Arbre vraiment \u00e9troit, tr\u00e8s adapte pour petits jardins ou boulevards \u00e9troits. Feuillage profond\u00e9ment lob\u00e9 de couleur vert fonc\u00e9 qui se teint d\u2019un rouge\/lie-de-vin \u00e0 l\u2019automne.<\/p>\n","protected":false},"featured_media":22971,"template":"","meta":{"_acf_changed":false},"product_brand":[],"product_cat":[8812],"product_tag":[10897],"class_list":{"0":"post-27180","1":"product","2":"type-product","3":"status-publish","4":"has-post-thumbnail","6":"product_cat-arbres-et-arbustes-a-feuilles-caduques","7":"product_tag-naturelle","8":"pa_altezza-massima-15-metres","9":"pa_altezza-massima-20-metres","10":"pa_colore-fioritura-blanc","11":"pa_famiglia-hamamelidaceae-fr","12":"pa_genere-liquidambar-fr","13":"pa_origine-origine-delle-piante-u-s-a","14":"pa_periodo-fioritura-avril","15":"pa_periodo-fioritura-mars","16":"pa_portamento-conico-fr","17":"pa_resistenza-climatica-tres-elevee","18":"pa_resistenza-del-suolo-resistant-au-sol-humide","19":"pa_resistenza-del-suolo-resistant-aux-sols-calcaires","20":"pa_utilizzo-avenues-fr","21":"pa_utilizzo-parcs","23":"first","24":"instock","25":"purchasable","26":"product-type-simple"},"acf":[],"_links":{"self":[{"href":"https:\/\/innocentiemangonipiante.it\/fr\/wp-json\/wp\/v2\/product\/27180","targetHints":{"allow":["GET"]}}],"collection":[{"href":"https:\/\/innocentiemangonipiante.it\/fr\/wp-json\/wp\/v2\/product"}],"about":[{"href":"https:\/\/innocentiemangonipiante.it\/fr\/wp-json\/wp\/v2\/types\/product"}],"wp:featuredmedia":[{"embeddable":true,"href":"https:\/\/innocentiemangonipiante.it\/fr\/wp-json\/wp\/v2\/media\/22971"}],"wp:attachment":[{"href":"https:\/\/innocentiemangonipiante.it\/fr\/wp-json\/wp\/v2\/media?parent=27180"}],"wp:term":[{"taxonomy":"product_brand","embeddable":true,"href":"https:\/\/innocentiemangonipiante.it\/fr\/wp-json\/wp\/v2\/product_brand?post=27180"},{"taxonomy":"product_cat","embeddable":true,"href":"https:\/\/innocentiemangonipiante.it\/fr\/wp-json\/wp\/v2\/product_cat?post=27180"},{"taxonomy":"product_tag","embeddable":true,"href":"https:\/\/innocentiemangonipiante.it\/fr\/wp-json\/wp\/v2\/product_tag?post=27180"}],"curies":[{"name":"wp","href":"https:\/\/api.w.org\/{rel}","templated":true}]}}