{"id":27193,"date":"2023-11-04T01:44:30","date_gmt":"2023-11-04T00:44:30","guid":{"rendered":"http:\/\/innocentiemangonipiante.it\/magnolia-yulan-2\/"},"modified":"2023-11-06T15:10:39","modified_gmt":"2023-11-06T14:10:39","slug":"magnolia-yulan","status":"publish","type":"product","link":"https:\/\/innocentiemangonipiante.it\/fr\/magnolia-yulan\/","title":{"rendered":"MAGNOLIA &lsquo;Yulan&rsquo;"},"content":{"rendered":"<p>Arbuste ou arbre \u00e0 feuille caduque portant des feuilles oblongues et lanc\u00e9ol\u00e9es. Au printemps, avant les feuilles, apparaissent des fleurs blanches immacul\u00e9es en forme de coupe.<\/p>\n","protected":false},"excerpt":{"rendered":"<p>Arbuste ou arbre \u00e0 feuille caduque portant des feuilles oblongues et lanc\u00e9ol\u00e9es. Au printemps, avant les feuilles, apparaissent des fleurs blanches immacul\u00e9es en forme de coupe.<\/p>\n","protected":false},"featured_media":3977,"template":"","meta":{"_acf_changed":false},"product_brand":[],"product_cat":[8817],"product_tag":[10897,6255,8400],"class_list":{"0":"post-27193","1":"product","2":"type-product","3":"status-publish","4":"has-post-thumbnail","6":"product_cat-arbres-et-arbustes-persistants","7":"product_tag-naturelle","8":"product_tag-demi-tige","9":"product_tag-tige","10":"pa_altezza-massima-800-fr","11":"pa_altezza-massima-1000-fr-2","12":"pa_colore-fioritura-blanc","13":"pa_condizionamento-clt-fr","14":"pa_condizionamento-motte","15":"pa_famiglia-magnoliaceae-fr","16":"pa_genere-magnolia-fr","17":"pa_origine-asie-orientale","18":"pa_periodo-fioritura-avril","19":"pa_periodo-fioritura-mars","20":"pa_portamento-arrondi","21":"pa_profumo-delicat","22":"pa_resistenza-climatica-moyenne-elevee","23":"pa_resistenza-del-suolo-resistant-au-sol-humide","24":"pa_utilizzo-parcs","25":"pa_utilizzo-petits-jardins","27":"first","28":"instock","29":"purchasable","30":"product-type-simple"},"acf":[],"_links":{"self":[{"href":"https:\/\/innocentiemangonipiante.it\/fr\/wp-json\/wp\/v2\/product\/27193","targetHints":{"allow":["GET"]}}],"collection":[{"href":"https:\/\/innocentiemangonipiante.it\/fr\/wp-json\/wp\/v2\/product"}],"about":[{"href":"https:\/\/innocentiemangonipiante.it\/fr\/wp-json\/wp\/v2\/types\/product"}],"wp:featuredmedia":[{"embeddable":true,"href":"https:\/\/innocentiemangonipiante.it\/fr\/wp-json\/wp\/v2\/media\/3977"}],"wp:attachment":[{"href":"https:\/\/innocentiemangonipiante.it\/fr\/wp-json\/wp\/v2\/media?parent=27193"}],"wp:term":[{"taxonomy":"product_brand","embeddable":true,"href":"https:\/\/innocentiemangonipiante.it\/fr\/wp-json\/wp\/v2\/product_brand?post=27193"},{"taxonomy":"product_cat","embeddable":true,"href":"https:\/\/innocentiemangonipiante.it\/fr\/wp-json\/wp\/v2\/product_cat?post=27193"},{"taxonomy":"product_tag","embeddable":true,"href":"https:\/\/innocentiemangonipiante.it\/fr\/wp-json\/wp\/v2\/product_tag?post=27193"}],"curies":[{"name":"wp","href":"https:\/\/api.w.org\/{rel}","templated":true}]}}