{"id":27196,"date":"2023-11-04T01:46:07","date_gmt":"2023-11-04T00:46:07","guid":{"rendered":"http:\/\/innocentiemangonipiante.it\/magnolia-kobus-2\/"},"modified":"2023-11-06T15:11:56","modified_gmt":"2023-11-06T14:11:56","slug":"magnolia-kobus-2","status":"publish","type":"product","link":"https:\/\/innocentiemangonipiante.it\/fr\/magnolia-kobus-2\/","title":{"rendered":"MAGNOLIA kobus"},"content":{"rendered":"<p>Arbre caduc de forme conique, aux feuilles \u00e9troitement oblongues et lanc\u00e9ol\u00e9es, rid\u00e9es, de couleur verte. La floraison se fait \u00e0 la moiti\u00e9 du printemps avec des fleurs blanches en forme de calice parfois nuanc\u00e9es de rose \u00e0 la base. Sujet tr\u00e8s prestigieux en alignement.<\/p>\n","protected":false},"excerpt":{"rendered":"<p>Arbre caduc de forme conique, aux feuilles \u00e9troitement oblongues et lanc\u00e9ol\u00e9es, rid\u00e9es, de couleur verte. La floraison se fait \u00e0 la moiti\u00e9 du printemps avec des fleurs blanches en forme de calice parfois nuanc\u00e9es de rose \u00e0 la base. Sujet tr\u00e8s prestigieux en alignement.<\/p>\n","protected":false},"featured_media":23047,"template":"","meta":{"_acf_changed":false},"product_brand":[],"product_cat":[8817,9230],"product_tag":[10897,8596,8400],"class_list":{"0":"post-27196","1":"product","2":"type-product","3":"status-publish","4":"has-post-thumbnail","6":"product_cat-arbres-et-arbustes-persistants","7":"product_cat-arbres-et-plantes-du-futur","8":"product_tag-naturelle","9":"product_tag-cepee","10":"product_tag-tige","11":"pa_altezza-massima-800-fr","12":"pa_altezza-massima-12-metres","13":"pa_colore-fioritura-blanc","14":"pa_condizionamento-clt-fr","15":"pa_condizionamento-vs-fr","16":"pa_condizionamento-motte","17":"pa_famiglia-magnoliaceae-fr","18":"pa_genere-magnolia-fr","19":"pa_origine-asie-orientale","20":"pa_periodo-fioritura-avril","21":"pa_periodo-fioritura-mars","22":"pa_portamento-arrondi","23":"pa_profumo-delicat","24":"pa_resistenza-climatica-tres-elevee","25":"pa_resistenza-del-suolo-resistant-au-sol-humide","26":"pa_utilizzo-avenues-fr","27":"pa_utilizzo-parcs","29":"first","30":"instock","31":"purchasable","32":"product-type-simple"},"acf":[],"_links":{"self":[{"href":"https:\/\/innocentiemangonipiante.it\/fr\/wp-json\/wp\/v2\/product\/27196","targetHints":{"allow":["GET"]}}],"collection":[{"href":"https:\/\/innocentiemangonipiante.it\/fr\/wp-json\/wp\/v2\/product"}],"about":[{"href":"https:\/\/innocentiemangonipiante.it\/fr\/wp-json\/wp\/v2\/types\/product"}],"wp:featuredmedia":[{"embeddable":true,"href":"https:\/\/innocentiemangonipiante.it\/fr\/wp-json\/wp\/v2\/media\/23047"}],"wp:attachment":[{"href":"https:\/\/innocentiemangonipiante.it\/fr\/wp-json\/wp\/v2\/media?parent=27196"}],"wp:term":[{"taxonomy":"product_brand","embeddable":true,"href":"https:\/\/innocentiemangonipiante.it\/fr\/wp-json\/wp\/v2\/product_brand?post=27196"},{"taxonomy":"product_cat","embeddable":true,"href":"https:\/\/innocentiemangonipiante.it\/fr\/wp-json\/wp\/v2\/product_cat?post=27196"},{"taxonomy":"product_tag","embeddable":true,"href":"https:\/\/innocentiemangonipiante.it\/fr\/wp-json\/wp\/v2\/product_tag?post=27196"}],"curies":[{"name":"wp","href":"https:\/\/api.w.org\/{rel}","templated":true}]}}