{"id":27197,"date":"2023-11-04T01:46:13","date_gmt":"2023-11-04T00:46:13","guid":{"rendered":"http:\/\/innocentiemangonipiante.it\/magnolia-liliflora-nigra\/"},"modified":"2023-11-06T15:11:59","modified_gmt":"2023-11-06T14:11:59","slug":"magnolia-liliflora-nigra","status":"publish","type":"product","link":"https:\/\/innocentiemangonipiante.it\/fr\/magnolia-liliflora-nigra\/","title":{"rendered":"MAGNOLIA liliflora &lsquo;Nigra&rsquo;"},"content":{"rendered":"<p>Arbuste caduc aux feuilles elliptiques \u00e0 oblongues et lanc\u00e9ol\u00e9es de couleur vert fonc\u00e9. De la moiti\u00e9 du printemps \u00e0 la moiti\u00e9 de l\u2019\u00e9t\u00e9, il donne des fleurs en forme de calice de couleur rouge pourpre.<\/p>\n","protected":false},"excerpt":{"rendered":"<p>Arbuste caduc aux feuilles elliptiques \u00e0 oblongues et lanc\u00e9ol\u00e9es de couleur vert fonc\u00e9. De la moiti\u00e9 du printemps \u00e0 la moiti\u00e9 de l\u2019\u00e9t\u00e9, il donne des fleurs en forme de calice de couleur rouge pourpre.<\/p>\n","protected":false},"featured_media":3912,"template":"","meta":{"_acf_changed":false},"product_brand":[],"product_cat":[8817],"product_tag":[10897,8400],"class_list":{"0":"post-27197","1":"product","2":"type-product","3":"status-publish","4":"has-post-thumbnail","6":"product_cat-arbres-et-arbustes-persistants","7":"product_tag-naturelle","8":"product_tag-tige","9":"pa_altezza-massima-300-fr-2","10":"pa_altezza-massima-500-fr","11":"pa_colore-fioritura-rouge","12":"pa_condizionamento-clt-fr","13":"pa_condizionamento-vs-fr","14":"pa_condizionamento-motte","15":"pa_famiglia-magnoliaceae-fr","16":"pa_genere-magnolia-fr","17":"pa_origine-asie-orientale","18":"pa_periodo-fioritura-avril","19":"pa_periodo-fioritura-juillet","20":"pa_periodo-fioritura-juin","21":"pa_periodo-fioritura-mai","22":"pa_portamento-eretto-fr","23":"pa_profumo-delicat","24":"pa_resistenza-climatica-tres-elevee","25":"pa_utilizzo-parcs","26":"pa_utilizzo-petits-jardins","28":"first","29":"instock","30":"purchasable","31":"product-type-simple"},"acf":[],"_links":{"self":[{"href":"https:\/\/innocentiemangonipiante.it\/fr\/wp-json\/wp\/v2\/product\/27197","targetHints":{"allow":["GET"]}}],"collection":[{"href":"https:\/\/innocentiemangonipiante.it\/fr\/wp-json\/wp\/v2\/product"}],"about":[{"href":"https:\/\/innocentiemangonipiante.it\/fr\/wp-json\/wp\/v2\/types\/product"}],"wp:featuredmedia":[{"embeddable":true,"href":"https:\/\/innocentiemangonipiante.it\/fr\/wp-json\/wp\/v2\/media\/3912"}],"wp:attachment":[{"href":"https:\/\/innocentiemangonipiante.it\/fr\/wp-json\/wp\/v2\/media?parent=27197"}],"wp:term":[{"taxonomy":"product_brand","embeddable":true,"href":"https:\/\/innocentiemangonipiante.it\/fr\/wp-json\/wp\/v2\/product_brand?post=27197"},{"taxonomy":"product_cat","embeddable":true,"href":"https:\/\/innocentiemangonipiante.it\/fr\/wp-json\/wp\/v2\/product_cat?post=27197"},{"taxonomy":"product_tag","embeddable":true,"href":"https:\/\/innocentiemangonipiante.it\/fr\/wp-json\/wp\/v2\/product_tag?post=27197"}],"curies":[{"name":"wp","href":"https:\/\/api.w.org\/{rel}","templated":true}]}}