{"id":27202,"date":"2023-11-04T01:47:16","date_gmt":"2023-11-04T00:47:16","guid":{"rendered":"http:\/\/innocentiemangonipiante.it\/magnolia-x-galaxy-2\/"},"modified":"2023-11-06T15:12:30","modified_gmt":"2023-11-06T14:12:30","slug":"magnolia-x-galaxy-2","status":"publish","type":"product","link":"https:\/\/innocentiemangonipiante.it\/fr\/magnolia-x-galaxy-2\/","title":{"rendered":"MAGNOLIA x &lsquo;Galaxy&rsquo;"},"content":{"rendered":"<p>Arbre caduc droit et \u00e0 croissance tr\u00e8s rapide, avec des feuilles vertes de 20 cm environ. Vers la moiti\u00e9 du printemps, il produit tout d\u2019abord de grandes fleurs rose intense avant les feuilles.<\/p>\n","protected":false},"excerpt":{"rendered":"<p>Arbre caduc droit et \u00e0 croissance tr\u00e8s rapide, avec des feuilles vertes de 20 cm environ. Vers la moiti\u00e9 du printemps, il produit tout d\u2019abord de grandes fleurs rose intense avant les feuilles.<\/p>\n","protected":false},"featured_media":23078,"template":"","meta":{"_acf_changed":false},"product_brand":[],"product_cat":[8817],"product_tag":[10897],"class_list":{"0":"post-27202","1":"product","2":"type-product","3":"status-publish","4":"has-post-thumbnail","6":"product_cat-arbres-et-arbustes-persistants","7":"product_tag-naturelle","8":"pa_altezza-massima-800-fr","9":"pa_altezza-massima-12-metres","10":"pa_colore-fioritura-rose","11":"pa_famiglia-magnoliaceae-fr","12":"pa_genere-magnolia-fr","13":"pa_origine-origine-delle-piante-u-s-a","14":"pa_periodo-fioritura-avril","15":"pa_periodo-fioritura-mars","16":"pa_portamento-eretto-fr","17":"pa_profumo-delicat","18":"pa_resistenza-climatica-tres-elevee","19":"pa_resistenza-del-suolo-resistant-au-sol-humide","20":"pa_utilizzo-parcs","21":"pa_utilizzo-petits-jardins","23":"first","24":"instock","25":"purchasable","26":"product-type-simple"},"acf":[],"_links":{"self":[{"href":"https:\/\/innocentiemangonipiante.it\/fr\/wp-json\/wp\/v2\/product\/27202","targetHints":{"allow":["GET"]}}],"collection":[{"href":"https:\/\/innocentiemangonipiante.it\/fr\/wp-json\/wp\/v2\/product"}],"about":[{"href":"https:\/\/innocentiemangonipiante.it\/fr\/wp-json\/wp\/v2\/types\/product"}],"wp:featuredmedia":[{"embeddable":true,"href":"https:\/\/innocentiemangonipiante.it\/fr\/wp-json\/wp\/v2\/media\/23078"}],"wp:attachment":[{"href":"https:\/\/innocentiemangonipiante.it\/fr\/wp-json\/wp\/v2\/media?parent=27202"}],"wp:term":[{"taxonomy":"product_brand","embeddable":true,"href":"https:\/\/innocentiemangonipiante.it\/fr\/wp-json\/wp\/v2\/product_brand?post=27202"},{"taxonomy":"product_cat","embeddable":true,"href":"https:\/\/innocentiemangonipiante.it\/fr\/wp-json\/wp\/v2\/product_cat?post=27202"},{"taxonomy":"product_tag","embeddable":true,"href":"https:\/\/innocentiemangonipiante.it\/fr\/wp-json\/wp\/v2\/product_tag?post=27202"}],"curies":[{"name":"wp","href":"https:\/\/api.w.org\/{rel}","templated":true}]}}