{"id":27217,"date":"2023-11-04T01:50:08","date_gmt":"2023-11-04T00:50:08","guid":{"rendered":"http:\/\/innocentiemangonipiante.it\/malus-coccinella-2\/"},"modified":"2023-11-06T15:13:48","modified_gmt":"2023-11-06T14:13:48","slug":"malus-coccinella","status":"publish","type":"product","link":"https:\/\/innocentiemangonipiante.it\/fr\/malus-coccinella\/","title":{"rendered":"MALUS &lsquo;Coccinella&rsquo;"},"content":{"rendered":"<p>Petit arbre caduc au feuillage pourpre et \u00e9rig\u00e9. Nombreuses fleurs roses en fin de printemps suivies par des fruits de couleur pourpre fonc\u00e9.<\/p>\n","protected":false},"excerpt":{"rendered":"<p>Petit arbre caduc au feuillage pourpre et \u00e9rig\u00e9. Nombreuses fleurs roses en fin de printemps suivies par des fruits de couleur pourpre fonc\u00e9.<\/p>\n","protected":false},"featured_media":4018,"template":"","meta":{"_acf_changed":false},"product_brand":[],"product_cat":[8812,9230],"product_tag":[10897],"class_list":{"0":"post-27217","1":"product","2":"type-product","3":"status-publish","4":"has-post-thumbnail","6":"product_cat-arbres-et-arbustes-a-feuilles-caduques","7":"product_cat-arbres-et-plantes-du-futur","8":"product_tag-naturelle","9":"pa_altezza-massima-400-fr","10":"pa_altezza-massima-600-fr","11":"pa_colore-delle-foglie-rouge","12":"pa_colore-fioritura-rose","13":"pa_famiglia-rosaceae-fr","14":"pa_genere-malus-fr","15":"pa_origine-france-fr","16":"pa_periodo-fioritura-avril","17":"pa_periodo-fioritura-mai","18":"pa_periodo-fioritura-mars","19":"pa_periodo-fruttificazione-octobre","20":"pa_periodo-fruttificazione-septembre","21":"pa_portamento-arrondi","22":"pa_resistenza-climatica-tres-elevee","23":"pa_resistenza-del-suolo-resistant-au-sol-humide","24":"pa_resistenza-del-suolo-resistant-aux-sols-calcaires","25":"pa_utilizzo-parcs","26":"pa_utilizzo-petits-jardins","28":"first","29":"instock","30":"purchasable","31":"product-type-simple"},"acf":[],"_links":{"self":[{"href":"https:\/\/innocentiemangonipiante.it\/fr\/wp-json\/wp\/v2\/product\/27217","targetHints":{"allow":["GET"]}}],"collection":[{"href":"https:\/\/innocentiemangonipiante.it\/fr\/wp-json\/wp\/v2\/product"}],"about":[{"href":"https:\/\/innocentiemangonipiante.it\/fr\/wp-json\/wp\/v2\/types\/product"}],"wp:featuredmedia":[{"embeddable":true,"href":"https:\/\/innocentiemangonipiante.it\/fr\/wp-json\/wp\/v2\/media\/4018"}],"wp:attachment":[{"href":"https:\/\/innocentiemangonipiante.it\/fr\/wp-json\/wp\/v2\/media?parent=27217"}],"wp:term":[{"taxonomy":"product_brand","embeddable":true,"href":"https:\/\/innocentiemangonipiante.it\/fr\/wp-json\/wp\/v2\/product_brand?post=27217"},{"taxonomy":"product_cat","embeddable":true,"href":"https:\/\/innocentiemangonipiante.it\/fr\/wp-json\/wp\/v2\/product_cat?post=27217"},{"taxonomy":"product_tag","embeddable":true,"href":"https:\/\/innocentiemangonipiante.it\/fr\/wp-json\/wp\/v2\/product_tag?post=27217"}],"curies":[{"name":"wp","href":"https:\/\/api.w.org\/{rel}","templated":true}]}}