{"id":27229,"date":"2023-11-04T01:51:52","date_gmt":"2023-11-04T00:51:52","guid":{"rendered":"http:\/\/innocentiemangonipiante.it\/malus-communis-belle-de-boskoop\/"},"modified":"2023-11-06T15:15:00","modified_gmt":"2023-11-06T14:15:00","slug":"malus-communis-belle-de-boskoop","status":"publish","type":"product","link":"https:\/\/innocentiemangonipiante.it\/fr\/malus-communis-belle-de-boskoop\/","title":{"rendered":"MALUS COMMUNIS &lsquo;Belle de Boskoop&rsquo;"},"content":{"rendered":"<p>Fruit rouge stri\u00e9, douce et aigre comme la vari\u00e9t\u00e9 &lsquo;Reinette&rsquo;. (disponible aussi en palmette verrier)<\/p>\n","protected":false},"excerpt":{"rendered":"<p>Fruit rouge stri\u00e9, douce et aigre comme la vari\u00e9t\u00e9 &lsquo;Reinette&rsquo;. (disponible aussi en palmette verrier)<\/p>\n","protected":false},"featured_media":23170,"template":"","meta":{"_acf_changed":false},"product_brand":[],"product_cat":[8808],"product_tag":[10897,6255,8750,8735],"class_list":{"0":"post-27229","1":"product","2":"type-product","3":"status-publish","4":"has-post-thumbnail","6":"product_cat-fruitiers","7":"product_tag-naturelle","8":"product_tag-demi-tige","9":"product_tag-espalier-fr","10":"product_tag-quart-de-tige","11":"pa_altezza-massima-500-fr","12":"pa_altezza-massima-1000-fr-2","13":"pa_arte-topiaria-disponible-plante-en-forme","14":"pa_colore-fioritura-blanc","15":"pa_condizionamento-clt-fr","16":"pa_famiglia-rosaceae-fr","17":"pa_genere-malus-communis-fr","18":"pa_origine-hollande","19":"pa_periodo-fioritura-avril","20":"pa_periodo-fruttificazione-octobre","21":"pa_portamento-arrondi","22":"pa_resistenza-climatica-tres-elevee","23":"pa_resistenza-del-suolo-resistant-aux-sols-calcaires","24":"pa_utilizzo-petits-jardins","26":"first","27":"instock","28":"purchasable","29":"product-type-simple"},"acf":[],"_links":{"self":[{"href":"https:\/\/innocentiemangonipiante.it\/fr\/wp-json\/wp\/v2\/product\/27229","targetHints":{"allow":["GET"]}}],"collection":[{"href":"https:\/\/innocentiemangonipiante.it\/fr\/wp-json\/wp\/v2\/product"}],"about":[{"href":"https:\/\/innocentiemangonipiante.it\/fr\/wp-json\/wp\/v2\/types\/product"}],"wp:featuredmedia":[{"embeddable":true,"href":"https:\/\/innocentiemangonipiante.it\/fr\/wp-json\/wp\/v2\/media\/23170"}],"wp:attachment":[{"href":"https:\/\/innocentiemangonipiante.it\/fr\/wp-json\/wp\/v2\/media?parent=27229"}],"wp:term":[{"taxonomy":"product_brand","embeddable":true,"href":"https:\/\/innocentiemangonipiante.it\/fr\/wp-json\/wp\/v2\/product_brand?post=27229"},{"taxonomy":"product_cat","embeddable":true,"href":"https:\/\/innocentiemangonipiante.it\/fr\/wp-json\/wp\/v2\/product_cat?post=27229"},{"taxonomy":"product_tag","embeddable":true,"href":"https:\/\/innocentiemangonipiante.it\/fr\/wp-json\/wp\/v2\/product_tag?post=27229"}],"curies":[{"name":"wp","href":"https:\/\/api.w.org\/{rel}","templated":true}]}}