{"id":27232,"date":"2023-11-04T01:52:10","date_gmt":"2023-11-04T00:52:10","guid":{"rendered":"http:\/\/innocentiemangonipiante.it\/malus-communis-delbard-tentation\/"},"modified":"2023-11-06T15:15:07","modified_gmt":"2023-11-06T14:15:07","slug":"malus-communis-delbard-tentation","status":"publish","type":"product","link":"https:\/\/innocentiemangonipiante.it\/fr\/malus-communis-delbard-tentation\/","title":{"rendered":"MALUS COMMUNIS &lsquo;Delbard Tentation&rsquo; \u00ae"},"content":{"rendered":"<p>Pomme \u00e0 \u00e9piderme dor\u00e9 orang\u00e9, chair juteuse, croquante, acidule et tr\u00e8s gout\u00e9e. Maturit\u00e9 mi-octobre. (disponible aussi en palmette verrier)<\/p>\n","protected":false},"excerpt":{"rendered":"<p>Pomme \u00e0 \u00e9piderme dor\u00e9 orang\u00e9, chair juteuse, croquante, acidule et tr\u00e8s gout\u00e9e. Maturit\u00e9 mi-octobre. (disponible aussi en palmette verrier)<\/p>\n","protected":false},"featured_media":0,"template":"","meta":{"_acf_changed":false},"product_brand":[],"product_cat":[8808],"product_tag":[10897,6255,8750,8735],"class_list":{"0":"post-27232","1":"product","2":"type-product","3":"status-publish","5":"product_cat-fruitiers","6":"product_tag-naturelle","7":"product_tag-demi-tige","8":"product_tag-espalier-fr","9":"product_tag-quart-de-tige","10":"pa_altezza-massima-500-fr","11":"pa_altezza-massima-1000-fr-2","12":"pa_arte-topiaria-disponible-plante-en-forme","13":"pa_colore-fioritura-blanc","14":"pa_condizionamento-clt-fr","15":"pa_famiglia-rosaceae-fr","16":"pa_genere-malus-communis-fr","17":"pa_origine-france-fr","18":"pa_periodo-fioritura-avril","19":"pa_periodo-fruttificazione-octobre","20":"pa_portamento-arrondi","21":"pa_resistenza-climatica-tres-elevee","22":"pa_resistenza-del-suolo-resistant-aux-sols-calcaires","23":"pa_utilizzo-petits-jardins","25":"first","26":"instock","27":"purchasable","28":"product-type-simple"},"acf":[],"_links":{"self":[{"href":"https:\/\/innocentiemangonipiante.it\/fr\/wp-json\/wp\/v2\/product\/27232","targetHints":{"allow":["GET"]}}],"collection":[{"href":"https:\/\/innocentiemangonipiante.it\/fr\/wp-json\/wp\/v2\/product"}],"about":[{"href":"https:\/\/innocentiemangonipiante.it\/fr\/wp-json\/wp\/v2\/types\/product"}],"wp:attachment":[{"href":"https:\/\/innocentiemangonipiante.it\/fr\/wp-json\/wp\/v2\/media?parent=27232"}],"wp:term":[{"taxonomy":"product_brand","embeddable":true,"href":"https:\/\/innocentiemangonipiante.it\/fr\/wp-json\/wp\/v2\/product_brand?post=27232"},{"taxonomy":"product_cat","embeddable":true,"href":"https:\/\/innocentiemangonipiante.it\/fr\/wp-json\/wp\/v2\/product_cat?post=27232"},{"taxonomy":"product_tag","embeddable":true,"href":"https:\/\/innocentiemangonipiante.it\/fr\/wp-json\/wp\/v2\/product_tag?post=27232"}],"curies":[{"name":"wp","href":"https:\/\/api.w.org\/{rel}","templated":true}]}}