{"id":27239,"date":"2023-11-04T01:52:57","date_gmt":"2023-11-04T00:52:57","guid":{"rendered":"http:\/\/innocentiemangonipiante.it\/malus-communis-granny-smith\/"},"modified":"2023-11-06T15:15:27","modified_gmt":"2023-11-06T14:15:27","slug":"malus-communis-granny-smith","status":"publish","type":"product","link":"https:\/\/innocentiemangonipiante.it\/fr\/malus-communis-granny-smith\/","title":{"rendered":"MALUS COMMUNIS &lsquo;Granny Smith&rsquo;"},"content":{"rendered":"<p>Port \u00e9rig\u00e9, tr\u00e8s productif. Fruit de taille moyenne, vert clair, arrondi, croquant, go\u00fbt acide.<\/p>\n","protected":false},"excerpt":{"rendered":"<p>Port \u00e9rig\u00e9, tr\u00e8s productif. Fruit de taille moyenne, vert clair, arrondi, croquant, go\u00fbt acide.<\/p>\n","protected":false},"featured_media":23205,"template":"","meta":{"_acf_changed":false},"product_brand":[],"product_cat":[8808],"product_tag":[10897],"class_list":{"0":"post-27239","1":"product","2":"type-product","3":"status-publish","4":"has-post-thumbnail","6":"product_cat-fruitiers","7":"product_tag-naturelle","8":"pa_altezza-massima-500-fr","9":"pa_altezza-massima-1000-fr-2","10":"pa_colore-fioritura-blanc","11":"pa_famiglia-rosaceae-fr","12":"pa_genere-malus-communis-fr","13":"pa_origine-moyen-orient","14":"pa_periodo-fioritura-avril","15":"pa_periodo-fruttificazione-octobre","16":"pa_portamento-arrondi","17":"pa_resistenza-climatica-tres-elevee","18":"pa_resistenza-del-suolo-resistant-aux-sols-calcaires","19":"pa_utilizzo-petits-jardins","21":"first","22":"instock","23":"purchasable","24":"product-type-simple"},"acf":[],"_links":{"self":[{"href":"https:\/\/innocentiemangonipiante.it\/fr\/wp-json\/wp\/v2\/product\/27239","targetHints":{"allow":["GET"]}}],"collection":[{"href":"https:\/\/innocentiemangonipiante.it\/fr\/wp-json\/wp\/v2\/product"}],"about":[{"href":"https:\/\/innocentiemangonipiante.it\/fr\/wp-json\/wp\/v2\/types\/product"}],"wp:featuredmedia":[{"embeddable":true,"href":"https:\/\/innocentiemangonipiante.it\/fr\/wp-json\/wp\/v2\/media\/23205"}],"wp:attachment":[{"href":"https:\/\/innocentiemangonipiante.it\/fr\/wp-json\/wp\/v2\/media?parent=27239"}],"wp:term":[{"taxonomy":"product_brand","embeddable":true,"href":"https:\/\/innocentiemangonipiante.it\/fr\/wp-json\/wp\/v2\/product_brand?post=27239"},{"taxonomy":"product_cat","embeddable":true,"href":"https:\/\/innocentiemangonipiante.it\/fr\/wp-json\/wp\/v2\/product_cat?post=27239"},{"taxonomy":"product_tag","embeddable":true,"href":"https:\/\/innocentiemangonipiante.it\/fr\/wp-json\/wp\/v2\/product_tag?post=27239"}],"curies":[{"name":"wp","href":"https:\/\/api.w.org\/{rel}","templated":true}]}}