{"id":27245,"date":"2023-11-04T01:53:34","date_gmt":"2023-11-04T00:53:34","guid":{"rendered":"http:\/\/innocentiemangonipiante.it\/malus-communis-reine-de-reinettes\/"},"modified":"2023-11-06T15:15:41","modified_gmt":"2023-11-06T14:15:41","slug":"malus-communis-reine-de-reinettes","status":"publish","type":"product","link":"https:\/\/innocentiemangonipiante.it\/fr\/malus-communis-reine-de-reinettes\/","title":{"rendered":"MALUS COMMUNIS &lsquo;Reine de Reinettes&rsquo;"},"content":{"rendered":"<p>Fruit de taille mi-grande, tr\u00e8s parfum\u00e9 de couleur jaune avec tonalit\u00e9s orange. M\u00fbrissement mi-septembre. (disponible aussi en palmette verrier)<\/p>\n","protected":false},"excerpt":{"rendered":"<p>Fruit de taille mi-grande, tr\u00e8s parfum\u00e9 de couleur jaune avec tonalit\u00e9s orange. M\u00fbrissement mi-septembre. (disponible aussi en palmette verrier)<\/p>\n","protected":false},"featured_media":23226,"template":"","meta":{"_acf_changed":false},"product_brand":[],"product_cat":[8808],"product_tag":[10897],"class_list":{"0":"post-27245","1":"product","2":"type-product","3":"status-publish","4":"has-post-thumbnail","6":"product_cat-fruitiers","7":"product_tag-naturelle","8":"pa_altezza-massima-500-fr","9":"pa_altezza-massima-1000-fr-2","10":"pa_colore-fioritura-blanc","11":"pa_famiglia-rosaceae-fr","12":"pa_genere-malus-communis-fr","13":"pa_origine-moyen-orient","14":"pa_periodo-fioritura-avril","15":"pa_periodo-fruttificazione-septembre","16":"pa_portamento-arrondi","17":"pa_resistenza-climatica-tres-elevee","18":"pa_resistenza-del-suolo-resistant-aux-sols-calcaires","19":"pa_utilizzo-petits-jardins","21":"first","22":"instock","23":"purchasable","24":"product-type-simple"},"acf":[],"_links":{"self":[{"href":"https:\/\/innocentiemangonipiante.it\/fr\/wp-json\/wp\/v2\/product\/27245","targetHints":{"allow":["GET"]}}],"collection":[{"href":"https:\/\/innocentiemangonipiante.it\/fr\/wp-json\/wp\/v2\/product"}],"about":[{"href":"https:\/\/innocentiemangonipiante.it\/fr\/wp-json\/wp\/v2\/types\/product"}],"wp:featuredmedia":[{"embeddable":true,"href":"https:\/\/innocentiemangonipiante.it\/fr\/wp-json\/wp\/v2\/media\/23226"}],"wp:attachment":[{"href":"https:\/\/innocentiemangonipiante.it\/fr\/wp-json\/wp\/v2\/media?parent=27245"}],"wp:term":[{"taxonomy":"product_brand","embeddable":true,"href":"https:\/\/innocentiemangonipiante.it\/fr\/wp-json\/wp\/v2\/product_brand?post=27245"},{"taxonomy":"product_cat","embeddable":true,"href":"https:\/\/innocentiemangonipiante.it\/fr\/wp-json\/wp\/v2\/product_cat?post=27245"},{"taxonomy":"product_tag","embeddable":true,"href":"https:\/\/innocentiemangonipiante.it\/fr\/wp-json\/wp\/v2\/product_tag?post=27245"}],"curies":[{"name":"wp","href":"https:\/\/api.w.org\/{rel}","templated":true}]}}