{"id":27246,"date":"2023-11-04T01:53:40","date_gmt":"2023-11-04T00:53:40","guid":{"rendered":"http:\/\/innocentiemangonipiante.it\/malus-communis-reinette-du-canada\/"},"modified":"2023-11-06T15:15:44","modified_gmt":"2023-11-06T14:15:44","slug":"malus-communis-reinette-du-canada","status":"publish","type":"product","link":"https:\/\/innocentiemangonipiante.it\/fr\/malus-communis-reinette-du-canada\/","title":{"rendered":"MALUS COMMUNIS &lsquo;Reinette Du Canada&rsquo;"},"content":{"rendered":"<p>Fruit de taille mi-grande, arrondi et un peu aplati, peau vert moyen, rouill\u00e9. Go\u00fbt doux, agr\u00e9able. M\u00fbrissement d\u00e9but octobre. (disponible aussi en palmette verrier)<\/p>\n","protected":false},"excerpt":{"rendered":"<p>Fruit de taille mi-grande, arrondi et un peu aplati, peau vert moyen, rouill\u00e9. Go\u00fbt doux, agr\u00e9able. M\u00fbrissement d\u00e9but octobre. (disponible aussi en palmette verrier)<\/p>\n","protected":false},"featured_media":23232,"template":"","meta":{"_acf_changed":false},"product_brand":[],"product_cat":[8808],"product_tag":[10897,6255,8750,8735],"class_list":{"0":"post-27246","1":"product","2":"type-product","3":"status-publish","4":"has-post-thumbnail","6":"product_cat-fruitiers","7":"product_tag-naturelle","8":"product_tag-demi-tige","9":"product_tag-espalier-fr","10":"product_tag-quart-de-tige","11":"pa_altezza-massima-500-fr","12":"pa_altezza-massima-1000-fr-2","13":"pa_arte-topiaria-disponible-plante-en-forme","14":"pa_colore-fioritura-blanc","15":"pa_condizionamento-clt-fr","16":"pa_famiglia-rosaceae-fr","17":"pa_genere-malus-communis-fr","18":"pa_origine-angleterre","19":"pa_periodo-fioritura-avril","20":"pa_periodo-fruttificazione-octobre","21":"pa_portamento-arrondi","22":"pa_resistenza-climatica-tres-elevee","23":"pa_resistenza-del-suolo-resistant-aux-sols-calcaires","24":"pa_utilizzo-petits-jardins","26":"first","27":"instock","28":"purchasable","29":"product-type-simple"},"acf":[],"_links":{"self":[{"href":"https:\/\/innocentiemangonipiante.it\/fr\/wp-json\/wp\/v2\/product\/27246","targetHints":{"allow":["GET"]}}],"collection":[{"href":"https:\/\/innocentiemangonipiante.it\/fr\/wp-json\/wp\/v2\/product"}],"about":[{"href":"https:\/\/innocentiemangonipiante.it\/fr\/wp-json\/wp\/v2\/types\/product"}],"wp:featuredmedia":[{"embeddable":true,"href":"https:\/\/innocentiemangonipiante.it\/fr\/wp-json\/wp\/v2\/media\/23232"}],"wp:attachment":[{"href":"https:\/\/innocentiemangonipiante.it\/fr\/wp-json\/wp\/v2\/media?parent=27246"}],"wp:term":[{"taxonomy":"product_brand","embeddable":true,"href":"https:\/\/innocentiemangonipiante.it\/fr\/wp-json\/wp\/v2\/product_brand?post=27246"},{"taxonomy":"product_cat","embeddable":true,"href":"https:\/\/innocentiemangonipiante.it\/fr\/wp-json\/wp\/v2\/product_cat?post=27246"},{"taxonomy":"product_tag","embeddable":true,"href":"https:\/\/innocentiemangonipiante.it\/fr\/wp-json\/wp\/v2\/product_tag?post=27246"}],"curies":[{"name":"wp","href":"https:\/\/api.w.org\/{rel}","templated":true}]}}