{"id":27247,"date":"2023-11-04T01:53:48","date_gmt":"2023-11-04T00:53:48","guid":{"rendered":"http:\/\/innocentiemangonipiante.it\/malus-communis-royal-gala\/"},"modified":"2023-11-06T15:15:47","modified_gmt":"2023-11-06T14:15:47","slug":"malus-communis-royal-gala","status":"publish","type":"product","link":"https:\/\/innocentiemangonipiante.it\/fr\/malus-communis-royal-gala\/","title":{"rendered":"MALUS COMMUNIS &lsquo;Royal Gala&rsquo; \u00ae"},"content":{"rendered":"<p>Arbre tr\u00e8s vigoureux. Fruit moyen avec nuances de couleur rougeorange. Pulpe compacte et croquante. M\u00fbrissement fin ao\u00fbt. (disponible aussi en palmette verrier)<\/p>\n","protected":false},"excerpt":{"rendered":"<p>Arbre tr\u00e8s vigoureux. Fruit moyen avec nuances de couleur rougeorange. Pulpe compacte et croquante. M\u00fbrissement fin ao\u00fbt. (disponible aussi en palmette verrier)<\/p>\n","protected":false},"featured_media":23238,"template":"","meta":{"_acf_changed":false},"product_brand":[],"product_cat":[8808],"product_tag":[10897,6255,8750,8735],"class_list":{"0":"post-27247","1":"product","2":"type-product","3":"status-publish","4":"has-post-thumbnail","6":"product_cat-fruitiers","7":"product_tag-naturelle","8":"product_tag-demi-tige","9":"product_tag-espalier-fr","10":"product_tag-quart-de-tige","11":"pa_altezza-massima-500-fr","12":"pa_altezza-massima-1000-fr-2","13":"pa_colore-fioritura-blanc","14":"pa_condizionamento-clt-fr","15":"pa_famiglia-rosaceae-fr","16":"pa_genere-malus-communis-fr","17":"pa_origine-moyen-orient","18":"pa_periodo-fioritura-avril","19":"pa_periodo-fruttificazione-aout","20":"pa_periodo-fruttificazione-septembre","21":"pa_portamento-arrondi","22":"pa_resistenza-climatica-tres-elevee","23":"pa_resistenza-del-suolo-resistant-aux-sols-calcaires","24":"pa_utilizzo-petits-jardins","26":"first","27":"instock","28":"purchasable","29":"product-type-simple"},"acf":[],"_links":{"self":[{"href":"https:\/\/innocentiemangonipiante.it\/fr\/wp-json\/wp\/v2\/product\/27247","targetHints":{"allow":["GET"]}}],"collection":[{"href":"https:\/\/innocentiemangonipiante.it\/fr\/wp-json\/wp\/v2\/product"}],"about":[{"href":"https:\/\/innocentiemangonipiante.it\/fr\/wp-json\/wp\/v2\/types\/product"}],"wp:featuredmedia":[{"embeddable":true,"href":"https:\/\/innocentiemangonipiante.it\/fr\/wp-json\/wp\/v2\/media\/23238"}],"wp:attachment":[{"href":"https:\/\/innocentiemangonipiante.it\/fr\/wp-json\/wp\/v2\/media?parent=27247"}],"wp:term":[{"taxonomy":"product_brand","embeddable":true,"href":"https:\/\/innocentiemangonipiante.it\/fr\/wp-json\/wp\/v2\/product_brand?post=27247"},{"taxonomy":"product_cat","embeddable":true,"href":"https:\/\/innocentiemangonipiante.it\/fr\/wp-json\/wp\/v2\/product_cat?post=27247"},{"taxonomy":"product_tag","embeddable":true,"href":"https:\/\/innocentiemangonipiante.it\/fr\/wp-json\/wp\/v2\/product_tag?post=27247"}],"curies":[{"name":"wp","href":"https:\/\/api.w.org\/{rel}","templated":true}]}}