{"id":27253,"date":"2023-11-04T01:55:16","date_gmt":"2023-11-04T00:55:16","guid":{"rendered":"http:\/\/innocentiemangonipiante.it\/mespilus-germanica\/"},"modified":"2023-11-06T15:16:28","modified_gmt":"2023-11-06T14:16:28","slug":"mespilus-germanica","status":"publish","type":"product","link":"https:\/\/innocentiemangonipiante.it\/fr\/mespilus-germanica\/","title":{"rendered":"MESPILUS germanica"},"content":{"rendered":"<p>Petit arbre assez connu pour la production des n\u00e8fles. Dans ce cas il est propos\u00e9 dans une nouvelle version comme arbre d\u00e9coratif. Les grandes feuilles sont ov\u00e9es, de couleur vert fonc\u00e9 sur la page sup\u00e9rieure,presque blanches sur la page inf\u00e9rieure. Au printemps sur la nouvelle pousse il produit des fleurs blanches. Fruits arrondis de couleur orange intense \u00e0 l&rsquo;automne.<\/p>\n","protected":false},"excerpt":{"rendered":"<p>Petit arbre assez connu pour la production des n\u00e8fles. Dans ce cas il est propos\u00e9 dans une nouvelle version comme arbre d\u00e9coratif. Les grandes feuilles sont ov\u00e9es, de couleur vert fonc\u00e9 sur la page sup\u00e9rieure,presque blanches sur la page inf\u00e9rieure. Au printemps sur la nouvelle pousse il produit des fleurs blanches. Fruits arrondis de couleur [&hellip;]<\/p>\n","protected":false},"featured_media":23259,"template":"","meta":{"_acf_changed":false},"product_brand":[],"product_cat":[8808],"product_tag":[10897],"class_list":{"0":"post-27253","1":"product","2":"type-product","3":"status-publish","4":"has-post-thumbnail","6":"product_cat-fruitiers","7":"product_tag-naturelle","8":"pa_altezza-massima-400-fr","9":"pa_altezza-massima-600-fr","10":"pa_colore-fioritura-blanc","11":"pa_famiglia-rosaceae-fr","12":"pa_genere-mespilus-fr","13":"pa_origine-caucase","14":"pa_periodo-fioritura-avril","15":"pa_periodo-fruttificazione-octobre","16":"pa_portamento-arrondi","17":"pa_resistenza-climatica-tres-elevee","18":"pa_resistenza-del-suolo-resistant-aux-sols-calcaires","19":"pa_resistenza-del-suolo-resistant-aux-sols-secs","20":"pa_utilizzo-parcs","21":"pa_utilizzo-petits-jardins","23":"first","24":"instock","25":"purchasable","26":"product-type-simple"},"acf":[],"_links":{"self":[{"href":"https:\/\/innocentiemangonipiante.it\/fr\/wp-json\/wp\/v2\/product\/27253","targetHints":{"allow":["GET"]}}],"collection":[{"href":"https:\/\/innocentiemangonipiante.it\/fr\/wp-json\/wp\/v2\/product"}],"about":[{"href":"https:\/\/innocentiemangonipiante.it\/fr\/wp-json\/wp\/v2\/types\/product"}],"wp:featuredmedia":[{"embeddable":true,"href":"https:\/\/innocentiemangonipiante.it\/fr\/wp-json\/wp\/v2\/media\/23259"}],"wp:attachment":[{"href":"https:\/\/innocentiemangonipiante.it\/fr\/wp-json\/wp\/v2\/media?parent=27253"}],"wp:term":[{"taxonomy":"product_brand","embeddable":true,"href":"https:\/\/innocentiemangonipiante.it\/fr\/wp-json\/wp\/v2\/product_brand?post=27253"},{"taxonomy":"product_cat","embeddable":true,"href":"https:\/\/innocentiemangonipiante.it\/fr\/wp-json\/wp\/v2\/product_cat?post=27253"},{"taxonomy":"product_tag","embeddable":true,"href":"https:\/\/innocentiemangonipiante.it\/fr\/wp-json\/wp\/v2\/product_tag?post=27253"}],"curies":[{"name":"wp","href":"https:\/\/api.w.org\/{rel}","templated":true}]}}